{"id":42131,"date":"2025-08-21T09:06:17","date_gmt":"2025-08-21T07:06:17","guid":{"rendered":"https:\/\/greeproducts.com\/producto\/fm-cdt-9-2\/"},"modified":"2025-08-21T13:53:29","modified_gmt":"2025-08-21T11:53:29","slug":"fm-cdt-9","status":"publish","type":"product","link":"https:\/\/greeproducts.com\/pt-pt\/produtos\/fm-cdt-9\/","title":{"rendered":"FM CDT 9"},"content":{"rendered":"<ul>\n<li>De 2,5 kW a 7,1 kW<\/li>\n<li>Baixo n\u00edvel sonoro<\/li>\n<li>Bomba de drenagem<\/li>\n<li>Press\u00e3o est\u00e1tica dispon\u00edvel de 60 Pa<\/li>\n<\/ul>\n","protected":false},"excerpt":{"rendered":"<p>Unidades interiores Free Match<\/p>\n","protected":false},"featured_media":0,"template":"","meta":{"_acf_changed":false},"product_brand":[],"product_cat":[1339],"product_tag":[],"class_list":{"0":"post-42131","1":"product","2":"type-product","3":"status-publish","5":"product_cat-fm-condutas","7":"first","8":"instock","9":"shipping-taxable","10":"product-type-simple"},"acf":[],"yoast_head":"<!-- This site is optimized with the Yoast SEO plugin v26.9 - https:\/\/yoast.com\/product\/yoast-seo-wordpress\/ -->\n<title>FM CDT 9 - GREE<\/title>\n<meta name=\"robots\" content=\"index, follow, max-snippet:-1, max-image-preview:large, max-video-preview:-1\" \/>\n<link rel=\"canonical\" href=\"https:\/\/greeproducts.com\/pt-pt\/produtos\/fm-cdt-9\/\" \/>\n<meta property=\"og:locale\" content=\"pt_PT\" \/>\n<meta property=\"og:type\" content=\"article\" \/>\n<meta property=\"og:title\" content=\"FM CDT 9 - GREE\" \/>\n<meta property=\"og:description\" content=\"Unidades interiores Free Match\" \/>\n<meta property=\"og:url\" content=\"https:\/\/greeproducts.com\/pt-pt\/produtos\/fm-cdt-9\/\" \/>\n<meta property=\"og:site_name\" content=\"GREE\" \/>\n<meta property=\"article:modified_time\" content=\"2025-08-21T11:53:29+00:00\" \/>\n<meta name=\"twitter:card\" content=\"summary_large_image\" \/>\n<script type=\"application\/ld+json\" class=\"yoast-schema-graph\">{\"@context\":\"https:\/\/schema.org\",\"@graph\":[{\"@type\":\"WebPage\",\"@id\":\"https:\/\/greeproducts.com\/pt-pt\/produtos\/fm-cdt-9\/\",\"url\":\"https:\/\/greeproducts.com\/pt-pt\/produtos\/fm-cdt-9\/\",\"name\":\"FM CDT 9 - GREE\",\"isPartOf\":{\"@id\":\"https:\/\/greeproducts.com\/pt-pt\/#website\"},\"datePublished\":\"2025-08-21T07:06:17+00:00\",\"dateModified\":\"2025-08-21T11:53:29+00:00\",\"breadcrumb\":{\"@id\":\"https:\/\/greeproducts.com\/pt-pt\/produtos\/fm-cdt-9\/#breadcrumb\"},\"inLanguage\":\"pt-PT\",\"potentialAction\":[{\"@type\":\"ReadAction\",\"target\":[\"https:\/\/greeproducts.com\/pt-pt\/produtos\/fm-cdt-9\/\"]}]},{\"@type\":\"BreadcrumbList\",\"@id\":\"https:\/\/greeproducts.com\/pt-pt\/produtos\/fm-cdt-9\/#breadcrumb\",\"itemListElement\":[{\"@type\":\"ListItem\",\"position\":1,\"name\":\"Portada\",\"item\":\"https:\/\/greeproducts.com\/pt-pt\/\"},{\"@type\":\"ListItem\",\"position\":2,\"name\":\"Produtos\",\"item\":\"https:\/\/greeproducts.com\/pt-pt\/produtos\/\"},{\"@type\":\"ListItem\",\"position\":3,\"name\":\"FM CDT 9\"}]},{\"@type\":\"WebSite\",\"@id\":\"https:\/\/greeproducts.com\/pt-pt\/#website\",\"url\":\"https:\/\/greeproducts.com\/pt-pt\/\",\"name\":\"GREE\",\"description\":\"\",\"publisher\":{\"@id\":\"https:\/\/greeproducts.com\/pt-pt\/#organization\"},\"potentialAction\":[{\"@type\":\"SearchAction\",\"target\":{\"@type\":\"EntryPoint\",\"urlTemplate\":\"https:\/\/greeproducts.com\/pt-pt\/?s={search_term_string}\"},\"query-input\":{\"@type\":\"PropertyValueSpecification\",\"valueRequired\":true,\"valueName\":\"search_term_string\"}}],\"inLanguage\":\"pt-PT\"},{\"@type\":\"Organization\",\"@id\":\"https:\/\/greeproducts.com\/pt-pt\/#organization\",\"name\":\"GREE\",\"url\":\"https:\/\/greeproducts.com\/pt-pt\/\",\"logo\":{\"@type\":\"ImageObject\",\"inLanguage\":\"pt-PT\",\"@id\":\"https:\/\/greeproducts.com\/pt-pt\/#\/schema\/logo\/image\/\",\"url\":\"https:\/\/greeproducts.com\/wp-content\/uploads\/2025\/01\/gree_logo_black.svg\",\"contentUrl\":\"https:\/\/greeproducts.com\/wp-content\/uploads\/2025\/01\/gree_logo_black.svg\",\"caption\":\"GREE\"},\"image\":{\"@id\":\"https:\/\/greeproducts.com\/pt-pt\/#\/schema\/logo\/image\/\"}}]}<\/script>\n<!-- \/ Yoast SEO plugin. -->","yoast_head_json":{"title":"FM CDT 9 - GREE","robots":{"index":"index","follow":"follow","max-snippet":"max-snippet:-1","max-image-preview":"max-image-preview:large","max-video-preview":"max-video-preview:-1"},"canonical":"https:\/\/greeproducts.com\/pt-pt\/produtos\/fm-cdt-9\/","og_locale":"pt_PT","og_type":"article","og_title":"FM CDT 9 - GREE","og_description":"Unidades interiores Free Match","og_url":"https:\/\/greeproducts.com\/pt-pt\/produtos\/fm-cdt-9\/","og_site_name":"GREE","article_modified_time":"2025-08-21T11:53:29+00:00","twitter_card":"summary_large_image","schema":{"@context":"https:\/\/schema.org","@graph":[{"@type":"WebPage","@id":"https:\/\/greeproducts.com\/pt-pt\/produtos\/fm-cdt-9\/","url":"https:\/\/greeproducts.com\/pt-pt\/produtos\/fm-cdt-9\/","name":"FM CDT 9 - GREE","isPartOf":{"@id":"https:\/\/greeproducts.com\/pt-pt\/#website"},"datePublished":"2025-08-21T07:06:17+00:00","dateModified":"2025-08-21T11:53:29+00:00","breadcrumb":{"@id":"https:\/\/greeproducts.com\/pt-pt\/produtos\/fm-cdt-9\/#breadcrumb"},"inLanguage":"pt-PT","potentialAction":[{"@type":"ReadAction","target":["https:\/\/greeproducts.com\/pt-pt\/produtos\/fm-cdt-9\/"]}]},{"@type":"BreadcrumbList","@id":"https:\/\/greeproducts.com\/pt-pt\/produtos\/fm-cdt-9\/#breadcrumb","itemListElement":[{"@type":"ListItem","position":1,"name":"Portada","item":"https:\/\/greeproducts.com\/pt-pt\/"},{"@type":"ListItem","position":2,"name":"Produtos","item":"https:\/\/greeproducts.com\/pt-pt\/produtos\/"},{"@type":"ListItem","position":3,"name":"FM CDT 9"}]},{"@type":"WebSite","@id":"https:\/\/greeproducts.com\/pt-pt\/#website","url":"https:\/\/greeproducts.com\/pt-pt\/","name":"GREE","description":"","publisher":{"@id":"https:\/\/greeproducts.com\/pt-pt\/#organization"},"potentialAction":[{"@type":"SearchAction","target":{"@type":"EntryPoint","urlTemplate":"https:\/\/greeproducts.com\/pt-pt\/?s={search_term_string}"},"query-input":{"@type":"PropertyValueSpecification","valueRequired":true,"valueName":"search_term_string"}}],"inLanguage":"pt-PT"},{"@type":"Organization","@id":"https:\/\/greeproducts.com\/pt-pt\/#organization","name":"GREE","url":"https:\/\/greeproducts.com\/pt-pt\/","logo":{"@type":"ImageObject","inLanguage":"pt-PT","@id":"https:\/\/greeproducts.com\/pt-pt\/#\/schema\/logo\/image\/","url":"https:\/\/greeproducts.com\/wp-content\/uploads\/2025\/01\/gree_logo_black.svg","contentUrl":"https:\/\/greeproducts.com\/wp-content\/uploads\/2025\/01\/gree_logo_black.svg","caption":"GREE"},"image":{"@id":"https:\/\/greeproducts.com\/pt-pt\/#\/schema\/logo\/image\/"}}]}},"_links":{"self":[{"href":"https:\/\/greeproducts.com\/pt-pt\/wp-json\/wp\/v2\/product\/42131","targetHints":{"allow":["GET"]}}],"collection":[{"href":"https:\/\/greeproducts.com\/pt-pt\/wp-json\/wp\/v2\/product"}],"about":[{"href":"https:\/\/greeproducts.com\/pt-pt\/wp-json\/wp\/v2\/types\/product"}],"wp:attachment":[{"href":"https:\/\/greeproducts.com\/pt-pt\/wp-json\/wp\/v2\/media?parent=42131"}],"wp:term":[{"taxonomy":"product_brand","embeddable":true,"href":"https:\/\/greeproducts.com\/pt-pt\/wp-json\/wp\/v2\/product_brand?post=42131"},{"taxonomy":"product_cat","embeddable":true,"href":"https:\/\/greeproducts.com\/pt-pt\/wp-json\/wp\/v2\/product_cat?post=42131"},{"taxonomy":"product_tag","embeddable":true,"href":"https:\/\/greeproducts.com\/pt-pt\/wp-json\/wp\/v2\/product_tag?post=42131"}],"curies":[{"name":"wp","href":"https:\/\/api.w.org\/{rel}","templated":true}]}}