{"id":41989,"date":"2025-08-21T09:11:23","date_gmt":"2025-08-21T07:11:23","guid":{"rendered":"https:\/\/greeproducts.com\/producto\/fancoil-cst-dc-2t80v4-2\/"},"modified":"2025-08-21T14:01:11","modified_gmt":"2025-08-21T12:01:11","slug":"fancoil-cst-dc-2t80v4","status":"publish","type":"product","link":"https:\/\/greeproducts.com\/pt-pt\/produtos\/fancoil-cst-dc-2t80v4\/","title":{"rendered":"FANCOIL CST DC 2T80V4"},"content":{"rendered":"<ul>\n<li>Ventilateur DC avec 7 vitesses<\/li>\n<li>Contr\u00f4le marche\/arr\u00eat<\/li>\n<li>Contr\u00f4le avec WiFi<\/li>\n<li>Contr\u00f4le de plusieurs unit\u00e9s \u00e0 partir d&#8217;une seule commande<\/li>\n<li>Painel compat\u00edvel com Free Match, U-Match e GMV<\/li>\n<\/ul>\n","protected":false},"excerpt":{"rendered":"<p>Unidades ventila\u00e7\u00e3o interiores<\/p>\n","protected":false},"featured_media":0,"template":"","meta":{"_acf_changed":false},"product_brand":[],"product_cat":[1308],"product_tag":[],"class_list":{"0":"post-41989","1":"product","2":"type-product","3":"status-publish","5":"product_cat-cassete-2-tubos-dc","7":"first","8":"instock","9":"shipping-taxable","10":"product-type-simple"},"acf":[],"yoast_head":"<!-- This site is optimized with the Yoast SEO plugin v26.9 - https:\/\/yoast.com\/product\/yoast-seo-wordpress\/ -->\n<title>FANCOIL CST DC 2T80V4 - GREE<\/title>\n<meta name=\"robots\" content=\"index, follow, max-snippet:-1, max-image-preview:large, max-video-preview:-1\" \/>\n<link rel=\"canonical\" href=\"https:\/\/greeproducts.com\/pt-pt\/produtos\/fancoil-cst-dc-2t80v4\/\" \/>\n<meta property=\"og:locale\" content=\"pt_PT\" \/>\n<meta property=\"og:type\" content=\"article\" \/>\n<meta property=\"og:title\" content=\"FANCOIL CST DC 2T80V4 - GREE\" \/>\n<meta property=\"og:description\" content=\"Unidades ventila\u00e7\u00e3o interiores\" \/>\n<meta property=\"og:url\" content=\"https:\/\/greeproducts.com\/pt-pt\/produtos\/fancoil-cst-dc-2t80v4\/\" \/>\n<meta property=\"og:site_name\" content=\"GREE\" \/>\n<meta property=\"article:modified_time\" content=\"2025-08-21T12:01:11+00:00\" \/>\n<meta name=\"twitter:card\" content=\"summary_large_image\" \/>\n<script type=\"application\/ld+json\" class=\"yoast-schema-graph\">{\"@context\":\"https:\/\/schema.org\",\"@graph\":[{\"@type\":\"WebPage\",\"@id\":\"https:\/\/greeproducts.com\/pt-pt\/produtos\/fancoil-cst-dc-2t80v4\/\",\"url\":\"https:\/\/greeproducts.com\/pt-pt\/produtos\/fancoil-cst-dc-2t80v4\/\",\"name\":\"FANCOIL CST DC 2T80V4 - GREE\",\"isPartOf\":{\"@id\":\"https:\/\/greeproducts.com\/pt-pt\/#website\"},\"datePublished\":\"2025-08-21T07:11:23+00:00\",\"dateModified\":\"2025-08-21T12:01:11+00:00\",\"breadcrumb\":{\"@id\":\"https:\/\/greeproducts.com\/pt-pt\/produtos\/fancoil-cst-dc-2t80v4\/#breadcrumb\"},\"inLanguage\":\"pt-PT\",\"potentialAction\":[{\"@type\":\"ReadAction\",\"target\":[\"https:\/\/greeproducts.com\/pt-pt\/produtos\/fancoil-cst-dc-2t80v4\/\"]}]},{\"@type\":\"BreadcrumbList\",\"@id\":\"https:\/\/greeproducts.com\/pt-pt\/produtos\/fancoil-cst-dc-2t80v4\/#breadcrumb\",\"itemListElement\":[{\"@type\":\"ListItem\",\"position\":1,\"name\":\"Portada\",\"item\":\"https:\/\/greeproducts.com\/pt-pt\/\"},{\"@type\":\"ListItem\",\"position\":2,\"name\":\"Produtos\",\"item\":\"https:\/\/greeproducts.com\/pt-pt\/produtos\/\"},{\"@type\":\"ListItem\",\"position\":3,\"name\":\"FANCOIL CST DC 2T80V4\"}]},{\"@type\":\"WebSite\",\"@id\":\"https:\/\/greeproducts.com\/pt-pt\/#website\",\"url\":\"https:\/\/greeproducts.com\/pt-pt\/\",\"name\":\"GREE\",\"description\":\"\",\"publisher\":{\"@id\":\"https:\/\/greeproducts.com\/pt-pt\/#organization\"},\"potentialAction\":[{\"@type\":\"SearchAction\",\"target\":{\"@type\":\"EntryPoint\",\"urlTemplate\":\"https:\/\/greeproducts.com\/pt-pt\/?s={search_term_string}\"},\"query-input\":{\"@type\":\"PropertyValueSpecification\",\"valueRequired\":true,\"valueName\":\"search_term_string\"}}],\"inLanguage\":\"pt-PT\"},{\"@type\":\"Organization\",\"@id\":\"https:\/\/greeproducts.com\/pt-pt\/#organization\",\"name\":\"GREE\",\"url\":\"https:\/\/greeproducts.com\/pt-pt\/\",\"logo\":{\"@type\":\"ImageObject\",\"inLanguage\":\"pt-PT\",\"@id\":\"https:\/\/greeproducts.com\/pt-pt\/#\/schema\/logo\/image\/\",\"url\":\"https:\/\/greeproducts.com\/wp-content\/uploads\/2025\/01\/gree_logo_black.svg\",\"contentUrl\":\"https:\/\/greeproducts.com\/wp-content\/uploads\/2025\/01\/gree_logo_black.svg\",\"caption\":\"GREE\"},\"image\":{\"@id\":\"https:\/\/greeproducts.com\/pt-pt\/#\/schema\/logo\/image\/\"}}]}<\/script>\n<!-- \/ Yoast SEO plugin. -->","yoast_head_json":{"title":"FANCOIL CST DC 2T80V4 - GREE","robots":{"index":"index","follow":"follow","max-snippet":"max-snippet:-1","max-image-preview":"max-image-preview:large","max-video-preview":"max-video-preview:-1"},"canonical":"https:\/\/greeproducts.com\/pt-pt\/produtos\/fancoil-cst-dc-2t80v4\/","og_locale":"pt_PT","og_type":"article","og_title":"FANCOIL CST DC 2T80V4 - GREE","og_description":"Unidades ventila\u00e7\u00e3o interiores","og_url":"https:\/\/greeproducts.com\/pt-pt\/produtos\/fancoil-cst-dc-2t80v4\/","og_site_name":"GREE","article_modified_time":"2025-08-21T12:01:11+00:00","twitter_card":"summary_large_image","schema":{"@context":"https:\/\/schema.org","@graph":[{"@type":"WebPage","@id":"https:\/\/greeproducts.com\/pt-pt\/produtos\/fancoil-cst-dc-2t80v4\/","url":"https:\/\/greeproducts.com\/pt-pt\/produtos\/fancoil-cst-dc-2t80v4\/","name":"FANCOIL CST DC 2T80V4 - GREE","isPartOf":{"@id":"https:\/\/greeproducts.com\/pt-pt\/#website"},"datePublished":"2025-08-21T07:11:23+00:00","dateModified":"2025-08-21T12:01:11+00:00","breadcrumb":{"@id":"https:\/\/greeproducts.com\/pt-pt\/produtos\/fancoil-cst-dc-2t80v4\/#breadcrumb"},"inLanguage":"pt-PT","potentialAction":[{"@type":"ReadAction","target":["https:\/\/greeproducts.com\/pt-pt\/produtos\/fancoil-cst-dc-2t80v4\/"]}]},{"@type":"BreadcrumbList","@id":"https:\/\/greeproducts.com\/pt-pt\/produtos\/fancoil-cst-dc-2t80v4\/#breadcrumb","itemListElement":[{"@type":"ListItem","position":1,"name":"Portada","item":"https:\/\/greeproducts.com\/pt-pt\/"},{"@type":"ListItem","position":2,"name":"Produtos","item":"https:\/\/greeproducts.com\/pt-pt\/produtos\/"},{"@type":"ListItem","position":3,"name":"FANCOIL CST DC 2T80V4"}]},{"@type":"WebSite","@id":"https:\/\/greeproducts.com\/pt-pt\/#website","url":"https:\/\/greeproducts.com\/pt-pt\/","name":"GREE","description":"","publisher":{"@id":"https:\/\/greeproducts.com\/pt-pt\/#organization"},"potentialAction":[{"@type":"SearchAction","target":{"@type":"EntryPoint","urlTemplate":"https:\/\/greeproducts.com\/pt-pt\/?s={search_term_string}"},"query-input":{"@type":"PropertyValueSpecification","valueRequired":true,"valueName":"search_term_string"}}],"inLanguage":"pt-PT"},{"@type":"Organization","@id":"https:\/\/greeproducts.com\/pt-pt\/#organization","name":"GREE","url":"https:\/\/greeproducts.com\/pt-pt\/","logo":{"@type":"ImageObject","inLanguage":"pt-PT","@id":"https:\/\/greeproducts.com\/pt-pt\/#\/schema\/logo\/image\/","url":"https:\/\/greeproducts.com\/wp-content\/uploads\/2025\/01\/gree_logo_black.svg","contentUrl":"https:\/\/greeproducts.com\/wp-content\/uploads\/2025\/01\/gree_logo_black.svg","caption":"GREE"},"image":{"@id":"https:\/\/greeproducts.com\/pt-pt\/#\/schema\/logo\/image\/"}}]}},"_links":{"self":[{"href":"https:\/\/greeproducts.com\/pt-pt\/wp-json\/wp\/v2\/product\/41989","targetHints":{"allow":["GET"]}}],"collection":[{"href":"https:\/\/greeproducts.com\/pt-pt\/wp-json\/wp\/v2\/product"}],"about":[{"href":"https:\/\/greeproducts.com\/pt-pt\/wp-json\/wp\/v2\/types\/product"}],"wp:attachment":[{"href":"https:\/\/greeproducts.com\/pt-pt\/wp-json\/wp\/v2\/media?parent=41989"}],"wp:term":[{"taxonomy":"product_brand","embeddable":true,"href":"https:\/\/greeproducts.com\/pt-pt\/wp-json\/wp\/v2\/product_brand?post=41989"},{"taxonomy":"product_cat","embeddable":true,"href":"https:\/\/greeproducts.com\/pt-pt\/wp-json\/wp\/v2\/product_cat?post=41989"},{"taxonomy":"product_tag","embeddable":true,"href":"https:\/\/greeproducts.com\/pt-pt\/wp-json\/wp\/v2\/product_tag?post=41989"}],"curies":[{"name":"wp","href":"https:\/\/api.w.org\/{rel}","templated":true}]}}