{"id":41791,"date":"2025-08-21T09:17:22","date_gmt":"2025-08-21T07:17:22","guid":{"rendered":"https:\/\/greeproducts.com\/producto\/gmv6-hr-615-2\/"},"modified":"2025-08-21T14:13:46","modified_gmt":"2025-08-21T12:13:46","slug":"gmv6-hr-615","status":"publish","type":"product","link":"https:\/\/greeproducts.com\/pt-pt\/produtos\/gmv6-hr-615\/","title":{"rendered":"GMV6 HR 615"},"content":{"rendered":"<ul>\n<li>Aquecimento cont\u00ednuo<\/li>\n<li>Volume de informa\u00e7\u00e3o processada &gt; Velocidade<\/li>\n<li>At\u00e9 80 unidades interiores<\/li>\n<li>Intervalos de opera\u00e7\u00e3o excecionais<\/li>\n<li>Redu\u00e7\u00e3o inteligente do ru\u00eddo<\/li>\n<\/ul>\n","protected":false},"excerpt":{"rendered":"<p>Unidades exteriores GMV<\/p>\n","protected":false},"featured_media":0,"template":"","meta":{"_acf_changed":false},"product_brand":[],"product_cat":[1351],"product_tag":[],"class_list":{"0":"post-41791","1":"product","2":"type-product","3":"status-publish","5":"product_cat-gmv6-heat-recovery","7":"first","8":"instock","9":"shipping-taxable","10":"product-type-simple"},"acf":[],"yoast_head":"<!-- This site is optimized with the Yoast SEO plugin v26.9 - https:\/\/yoast.com\/product\/yoast-seo-wordpress\/ -->\n<title>GMV6 HR 615 - GREE<\/title>\n<meta name=\"robots\" content=\"index, follow, max-snippet:-1, max-image-preview:large, max-video-preview:-1\" \/>\n<link rel=\"canonical\" href=\"https:\/\/greeproducts.com\/pt-pt\/produtos\/gmv6-hr-615\/\" \/>\n<meta property=\"og:locale\" content=\"pt_PT\" \/>\n<meta property=\"og:type\" content=\"article\" \/>\n<meta property=\"og:title\" content=\"GMV6 HR 615 - GREE\" \/>\n<meta property=\"og:description\" content=\"Unidades exteriores GMV\" \/>\n<meta property=\"og:url\" content=\"https:\/\/greeproducts.com\/pt-pt\/produtos\/gmv6-hr-615\/\" \/>\n<meta property=\"og:site_name\" content=\"GREE\" \/>\n<meta property=\"article:modified_time\" content=\"2025-08-21T12:13:46+00:00\" \/>\n<meta name=\"twitter:card\" content=\"summary_large_image\" \/>\n<script type=\"application\/ld+json\" class=\"yoast-schema-graph\">{\"@context\":\"https:\/\/schema.org\",\"@graph\":[{\"@type\":\"WebPage\",\"@id\":\"https:\/\/greeproducts.com\/pt-pt\/produtos\/gmv6-hr-615\/\",\"url\":\"https:\/\/greeproducts.com\/pt-pt\/produtos\/gmv6-hr-615\/\",\"name\":\"GMV6 HR 615 - GREE\",\"isPartOf\":{\"@id\":\"https:\/\/greeproducts.com\/pt-pt\/#website\"},\"datePublished\":\"2025-08-21T07:17:22+00:00\",\"dateModified\":\"2025-08-21T12:13:46+00:00\",\"breadcrumb\":{\"@id\":\"https:\/\/greeproducts.com\/pt-pt\/produtos\/gmv6-hr-615\/#breadcrumb\"},\"inLanguage\":\"pt-PT\",\"potentialAction\":[{\"@type\":\"ReadAction\",\"target\":[\"https:\/\/greeproducts.com\/pt-pt\/produtos\/gmv6-hr-615\/\"]}]},{\"@type\":\"BreadcrumbList\",\"@id\":\"https:\/\/greeproducts.com\/pt-pt\/produtos\/gmv6-hr-615\/#breadcrumb\",\"itemListElement\":[{\"@type\":\"ListItem\",\"position\":1,\"name\":\"Portada\",\"item\":\"https:\/\/greeproducts.com\/pt-pt\/\"},{\"@type\":\"ListItem\",\"position\":2,\"name\":\"Produtos\",\"item\":\"https:\/\/greeproducts.com\/pt-pt\/produtos\/\"},{\"@type\":\"ListItem\",\"position\":3,\"name\":\"GMV6 HR 615\"}]},{\"@type\":\"WebSite\",\"@id\":\"https:\/\/greeproducts.com\/pt-pt\/#website\",\"url\":\"https:\/\/greeproducts.com\/pt-pt\/\",\"name\":\"GREE\",\"description\":\"\",\"publisher\":{\"@id\":\"https:\/\/greeproducts.com\/pt-pt\/#organization\"},\"potentialAction\":[{\"@type\":\"SearchAction\",\"target\":{\"@type\":\"EntryPoint\",\"urlTemplate\":\"https:\/\/greeproducts.com\/pt-pt\/?s={search_term_string}\"},\"query-input\":{\"@type\":\"PropertyValueSpecification\",\"valueRequired\":true,\"valueName\":\"search_term_string\"}}],\"inLanguage\":\"pt-PT\"},{\"@type\":\"Organization\",\"@id\":\"https:\/\/greeproducts.com\/pt-pt\/#organization\",\"name\":\"GREE\",\"url\":\"https:\/\/greeproducts.com\/pt-pt\/\",\"logo\":{\"@type\":\"ImageObject\",\"inLanguage\":\"pt-PT\",\"@id\":\"https:\/\/greeproducts.com\/pt-pt\/#\/schema\/logo\/image\/\",\"url\":\"https:\/\/greeproducts.com\/wp-content\/uploads\/2025\/01\/gree_logo_black.svg\",\"contentUrl\":\"https:\/\/greeproducts.com\/wp-content\/uploads\/2025\/01\/gree_logo_black.svg\",\"caption\":\"GREE\"},\"image\":{\"@id\":\"https:\/\/greeproducts.com\/pt-pt\/#\/schema\/logo\/image\/\"}}]}<\/script>\n<!-- \/ Yoast SEO plugin. -->","yoast_head_json":{"title":"GMV6 HR 615 - GREE","robots":{"index":"index","follow":"follow","max-snippet":"max-snippet:-1","max-image-preview":"max-image-preview:large","max-video-preview":"max-video-preview:-1"},"canonical":"https:\/\/greeproducts.com\/pt-pt\/produtos\/gmv6-hr-615\/","og_locale":"pt_PT","og_type":"article","og_title":"GMV6 HR 615 - GREE","og_description":"Unidades exteriores GMV","og_url":"https:\/\/greeproducts.com\/pt-pt\/produtos\/gmv6-hr-615\/","og_site_name":"GREE","article_modified_time":"2025-08-21T12:13:46+00:00","twitter_card":"summary_large_image","schema":{"@context":"https:\/\/schema.org","@graph":[{"@type":"WebPage","@id":"https:\/\/greeproducts.com\/pt-pt\/produtos\/gmv6-hr-615\/","url":"https:\/\/greeproducts.com\/pt-pt\/produtos\/gmv6-hr-615\/","name":"GMV6 HR 615 - GREE","isPartOf":{"@id":"https:\/\/greeproducts.com\/pt-pt\/#website"},"datePublished":"2025-08-21T07:17:22+00:00","dateModified":"2025-08-21T12:13:46+00:00","breadcrumb":{"@id":"https:\/\/greeproducts.com\/pt-pt\/produtos\/gmv6-hr-615\/#breadcrumb"},"inLanguage":"pt-PT","potentialAction":[{"@type":"ReadAction","target":["https:\/\/greeproducts.com\/pt-pt\/produtos\/gmv6-hr-615\/"]}]},{"@type":"BreadcrumbList","@id":"https:\/\/greeproducts.com\/pt-pt\/produtos\/gmv6-hr-615\/#breadcrumb","itemListElement":[{"@type":"ListItem","position":1,"name":"Portada","item":"https:\/\/greeproducts.com\/pt-pt\/"},{"@type":"ListItem","position":2,"name":"Produtos","item":"https:\/\/greeproducts.com\/pt-pt\/produtos\/"},{"@type":"ListItem","position":3,"name":"GMV6 HR 615"}]},{"@type":"WebSite","@id":"https:\/\/greeproducts.com\/pt-pt\/#website","url":"https:\/\/greeproducts.com\/pt-pt\/","name":"GREE","description":"","publisher":{"@id":"https:\/\/greeproducts.com\/pt-pt\/#organization"},"potentialAction":[{"@type":"SearchAction","target":{"@type":"EntryPoint","urlTemplate":"https:\/\/greeproducts.com\/pt-pt\/?s={search_term_string}"},"query-input":{"@type":"PropertyValueSpecification","valueRequired":true,"valueName":"search_term_string"}}],"inLanguage":"pt-PT"},{"@type":"Organization","@id":"https:\/\/greeproducts.com\/pt-pt\/#organization","name":"GREE","url":"https:\/\/greeproducts.com\/pt-pt\/","logo":{"@type":"ImageObject","inLanguage":"pt-PT","@id":"https:\/\/greeproducts.com\/pt-pt\/#\/schema\/logo\/image\/","url":"https:\/\/greeproducts.com\/wp-content\/uploads\/2025\/01\/gree_logo_black.svg","contentUrl":"https:\/\/greeproducts.com\/wp-content\/uploads\/2025\/01\/gree_logo_black.svg","caption":"GREE"},"image":{"@id":"https:\/\/greeproducts.com\/pt-pt\/#\/schema\/logo\/image\/"}}]}},"_links":{"self":[{"href":"https:\/\/greeproducts.com\/pt-pt\/wp-json\/wp\/v2\/product\/41791","targetHints":{"allow":["GET"]}}],"collection":[{"href":"https:\/\/greeproducts.com\/pt-pt\/wp-json\/wp\/v2\/product"}],"about":[{"href":"https:\/\/greeproducts.com\/pt-pt\/wp-json\/wp\/v2\/types\/product"}],"wp:attachment":[{"href":"https:\/\/greeproducts.com\/pt-pt\/wp-json\/wp\/v2\/media?parent=41791"}],"wp:term":[{"taxonomy":"product_brand","embeddable":true,"href":"https:\/\/greeproducts.com\/pt-pt\/wp-json\/wp\/v2\/product_brand?post=41791"},{"taxonomy":"product_cat","embeddable":true,"href":"https:\/\/greeproducts.com\/pt-pt\/wp-json\/wp\/v2\/product_cat?post=41791"},{"taxonomy":"product_tag","embeddable":true,"href":"https:\/\/greeproducts.com\/pt-pt\/wp-json\/wp\/v2\/product_tag?post=41791"}],"curies":[{"name":"wp","href":"https:\/\/api.w.org\/{rel}","templated":true}]}}