{"id":42696,"date":"2026-01-21T13:17:35","date_gmt":"2026-01-21T12:17:35","guid":{"rendered":"https:\/\/greeproducts.com\/?page_id=42696"},"modified":"2026-01-21T19:57:56","modified_gmt":"2026-01-21T18:57:56","slug":"climatizacao-para-ginasios","status":"publish","type":"page","link":"https:\/\/greeproducts.com\/pt-pt\/climatizacao-para-ginasios\/","title":{"rendered":"Climatiza\u00e7\u00e3o para gin\u00e1sios"},"content":{"rendered":"","protected":false},"excerpt":{"rendered":"","protected":false},"author":14,"featured_media":42642,"parent":0,"menu_order":0,"comment_status":"closed","ping_status":"closed","template":"","meta":{"_acf_changed":false,"footnotes":""},"class_list":["post-42696","page","type-page","status-publish","has-post-thumbnail","hentry"],"acf":[],"yoast_head":"<!-- This site is optimized with the Yoast SEO plugin v26.9 - https:\/\/yoast.com\/product\/yoast-seo-wordpress\/ -->\n<title>Climatiza\u00e7\u00e3o para gin\u00e1sios | solu\u00e7\u00f5es eficientes GREE<\/title>\n<meta name=\"description\" content=\"Descubra as nossas solu\u00e7\u00f5es de climatiza\u00e7\u00e3o para gin\u00e1sios e centros desportivos. Solu\u00e7\u00f5es para controlo da temperatura, humidade e efici\u00eancia energ\u00e9tica.\" \/>\n<meta name=\"robots\" content=\"index, follow, max-snippet:-1, max-image-preview:large, max-video-preview:-1\" \/>\n<link rel=\"canonical\" href=\"https:\/\/greeproducts.com\/pt-pt\/climatizacao-para-ginasios\/\" \/>\n<meta property=\"og:locale\" content=\"pt_PT\" \/>\n<meta property=\"og:type\" content=\"article\" \/>\n<meta property=\"og:title\" content=\"Climatiza\u00e7\u00e3o para gin\u00e1sios | solu\u00e7\u00f5es eficientes GREE\" \/>\n<meta property=\"og:description\" content=\"Descubra as nossas solu\u00e7\u00f5es de climatiza\u00e7\u00e3o para gin\u00e1sios e centros desportivos. Solu\u00e7\u00f5es para controlo da temperatura, humidade e efici\u00eancia energ\u00e9tica.\" \/>\n<meta property=\"og:url\" content=\"https:\/\/greeproducts.com\/pt-pt\/climatizacao-para-ginasios\/\" \/>\n<meta property=\"og:site_name\" content=\"GREE\" \/>\n<meta property=\"article:modified_time\" content=\"2026-01-21T18:57:56+00:00\" \/>\n<meta property=\"og:image\" content=\"https:\/\/greeproducts.com\/wp-content\/uploads\/2026\/01\/calidad-aire-interior-gimnasios.png\" \/>\n\t<meta property=\"og:image:width\" content=\"1097\" \/>\n\t<meta property=\"og:image:height\" content=\"861\" \/>\n\t<meta property=\"og:image:type\" content=\"image\/png\" \/>\n<meta name=\"twitter:card\" content=\"summary_large_image\" \/>\n<meta name=\"twitter:label1\" content=\"Tempo estimado de leitura\" \/>\n\t<meta name=\"twitter:data1\" content=\"1 minuto\" \/>\n<script type=\"application\/ld+json\" class=\"yoast-schema-graph\">{\"@context\":\"https:\/\/schema.org\",\"@graph\":[{\"@type\":\"WebPage\",\"@id\":\"https:\/\/greeproducts.com\/pt-pt\/climatizacao-para-ginasios\/\",\"url\":\"https:\/\/greeproducts.com\/pt-pt\/climatizacao-para-ginasios\/\",\"name\":\"Climatiza\u00e7\u00e3o para gin\u00e1sios | solu\u00e7\u00f5es eficientes GREE\",\"isPartOf\":{\"@id\":\"https:\/\/greeproducts.com\/pt-pt\/#website\"},\"primaryImageOfPage\":{\"@id\":\"https:\/\/greeproducts.com\/pt-pt\/climatizacao-para-ginasios\/#primaryimage\"},\"image\":{\"@id\":\"https:\/\/greeproducts.com\/pt-pt\/climatizacao-para-ginasios\/#primaryimage\"},\"thumbnailUrl\":\"https:\/\/greeproducts.com\/wp-content\/uploads\/2026\/01\/calidad-aire-interior-gimnasios.png\",\"datePublished\":\"2026-01-21T12:17:35+00:00\",\"dateModified\":\"2026-01-21T18:57:56+00:00\",\"description\":\"Descubra as nossas solu\u00e7\u00f5es de climatiza\u00e7\u00e3o para gin\u00e1sios e centros desportivos. Solu\u00e7\u00f5es para controlo da temperatura, humidade e efici\u00eancia energ\u00e9tica.\",\"breadcrumb\":{\"@id\":\"https:\/\/greeproducts.com\/pt-pt\/climatizacao-para-ginasios\/#breadcrumb\"},\"inLanguage\":\"pt-PT\",\"potentialAction\":[{\"@type\":\"ReadAction\",\"target\":[\"https:\/\/greeproducts.com\/pt-pt\/climatizacao-para-ginasios\/\"]}]},{\"@type\":\"ImageObject\",\"inLanguage\":\"pt-PT\",\"@id\":\"https:\/\/greeproducts.com\/pt-pt\/climatizacao-para-ginasios\/#primaryimage\",\"url\":\"https:\/\/greeproducts.com\/wp-content\/uploads\/2026\/01\/calidad-aire-interior-gimnasios.png\",\"contentUrl\":\"https:\/\/greeproducts.com\/wp-content\/uploads\/2026\/01\/calidad-aire-interior-gimnasios.png\",\"width\":1097,\"height\":861},{\"@type\":\"BreadcrumbList\",\"@id\":\"https:\/\/greeproducts.com\/pt-pt\/climatizacao-para-ginasios\/#breadcrumb\",\"itemListElement\":[{\"@type\":\"ListItem\",\"position\":1,\"name\":\"Portada\",\"item\":\"https:\/\/greeproducts.com\/pt-pt\/\"},{\"@type\":\"ListItem\",\"position\":2,\"name\":\"Climatiza\u00e7\u00e3o para gin\u00e1sios\"}]},{\"@type\":\"WebSite\",\"@id\":\"https:\/\/greeproducts.com\/pt-pt\/#website\",\"url\":\"https:\/\/greeproducts.com\/pt-pt\/\",\"name\":\"GREE\",\"description\":\"\",\"publisher\":{\"@id\":\"https:\/\/greeproducts.com\/pt-pt\/#organization\"},\"potentialAction\":[{\"@type\":\"SearchAction\",\"target\":{\"@type\":\"EntryPoint\",\"urlTemplate\":\"https:\/\/greeproducts.com\/pt-pt\/?s={search_term_string}\"},\"query-input\":{\"@type\":\"PropertyValueSpecification\",\"valueRequired\":true,\"valueName\":\"search_term_string\"}}],\"inLanguage\":\"pt-PT\"},{\"@type\":\"Organization\",\"@id\":\"https:\/\/greeproducts.com\/pt-pt\/#organization\",\"name\":\"GREE\",\"url\":\"https:\/\/greeproducts.com\/pt-pt\/\",\"logo\":{\"@type\":\"ImageObject\",\"inLanguage\":\"pt-PT\",\"@id\":\"https:\/\/greeproducts.com\/pt-pt\/#\/schema\/logo\/image\/\",\"url\":\"https:\/\/greeproducts.com\/wp-content\/uploads\/2025\/01\/gree_logo_black.svg\",\"contentUrl\":\"https:\/\/greeproducts.com\/wp-content\/uploads\/2025\/01\/gree_logo_black.svg\",\"caption\":\"GREE\"},\"image\":{\"@id\":\"https:\/\/greeproducts.com\/pt-pt\/#\/schema\/logo\/image\/\"}}]}<\/script>\n<!-- \/ Yoast SEO plugin. -->","yoast_head_json":{"title":"Climatiza\u00e7\u00e3o para gin\u00e1sios | solu\u00e7\u00f5es eficientes GREE","description":"Descubra as nossas solu\u00e7\u00f5es de climatiza\u00e7\u00e3o para gin\u00e1sios e centros desportivos. Solu\u00e7\u00f5es para controlo da temperatura, humidade e efici\u00eancia energ\u00e9tica.","robots":{"index":"index","follow":"follow","max-snippet":"max-snippet:-1","max-image-preview":"max-image-preview:large","max-video-preview":"max-video-preview:-1"},"canonical":"https:\/\/greeproducts.com\/pt-pt\/climatizacao-para-ginasios\/","og_locale":"pt_PT","og_type":"article","og_title":"Climatiza\u00e7\u00e3o para gin\u00e1sios | solu\u00e7\u00f5es eficientes GREE","og_description":"Descubra as nossas solu\u00e7\u00f5es de climatiza\u00e7\u00e3o para gin\u00e1sios e centros desportivos. Solu\u00e7\u00f5es para controlo da temperatura, humidade e efici\u00eancia energ\u00e9tica.","og_url":"https:\/\/greeproducts.com\/pt-pt\/climatizacao-para-ginasios\/","og_site_name":"GREE","article_modified_time":"2026-01-21T18:57:56+00:00","og_image":[{"width":1097,"height":861,"url":"https:\/\/greeproducts.com\/wp-content\/uploads\/2026\/01\/calidad-aire-interior-gimnasios.png","type":"image\/png"}],"twitter_card":"summary_large_image","twitter_misc":{"Tempo estimado de leitura":"1 minuto"},"schema":{"@context":"https:\/\/schema.org","@graph":[{"@type":"WebPage","@id":"https:\/\/greeproducts.com\/pt-pt\/climatizacao-para-ginasios\/","url":"https:\/\/greeproducts.com\/pt-pt\/climatizacao-para-ginasios\/","name":"Climatiza\u00e7\u00e3o para gin\u00e1sios | solu\u00e7\u00f5es eficientes GREE","isPartOf":{"@id":"https:\/\/greeproducts.com\/pt-pt\/#website"},"primaryImageOfPage":{"@id":"https:\/\/greeproducts.com\/pt-pt\/climatizacao-para-ginasios\/#primaryimage"},"image":{"@id":"https:\/\/greeproducts.com\/pt-pt\/climatizacao-para-ginasios\/#primaryimage"},"thumbnailUrl":"https:\/\/greeproducts.com\/wp-content\/uploads\/2026\/01\/calidad-aire-interior-gimnasios.png","datePublished":"2026-01-21T12:17:35+00:00","dateModified":"2026-01-21T18:57:56+00:00","description":"Descubra as nossas solu\u00e7\u00f5es de climatiza\u00e7\u00e3o para gin\u00e1sios e centros desportivos. Solu\u00e7\u00f5es para controlo da temperatura, humidade e efici\u00eancia energ\u00e9tica.","breadcrumb":{"@id":"https:\/\/greeproducts.com\/pt-pt\/climatizacao-para-ginasios\/#breadcrumb"},"inLanguage":"pt-PT","potentialAction":[{"@type":"ReadAction","target":["https:\/\/greeproducts.com\/pt-pt\/climatizacao-para-ginasios\/"]}]},{"@type":"ImageObject","inLanguage":"pt-PT","@id":"https:\/\/greeproducts.com\/pt-pt\/climatizacao-para-ginasios\/#primaryimage","url":"https:\/\/greeproducts.com\/wp-content\/uploads\/2026\/01\/calidad-aire-interior-gimnasios.png","contentUrl":"https:\/\/greeproducts.com\/wp-content\/uploads\/2026\/01\/calidad-aire-interior-gimnasios.png","width":1097,"height":861},{"@type":"BreadcrumbList","@id":"https:\/\/greeproducts.com\/pt-pt\/climatizacao-para-ginasios\/#breadcrumb","itemListElement":[{"@type":"ListItem","position":1,"name":"Portada","item":"https:\/\/greeproducts.com\/pt-pt\/"},{"@type":"ListItem","position":2,"name":"Climatiza\u00e7\u00e3o para gin\u00e1sios"}]},{"@type":"WebSite","@id":"https:\/\/greeproducts.com\/pt-pt\/#website","url":"https:\/\/greeproducts.com\/pt-pt\/","name":"GREE","description":"","publisher":{"@id":"https:\/\/greeproducts.com\/pt-pt\/#organization"},"potentialAction":[{"@type":"SearchAction","target":{"@type":"EntryPoint","urlTemplate":"https:\/\/greeproducts.com\/pt-pt\/?s={search_term_string}"},"query-input":{"@type":"PropertyValueSpecification","valueRequired":true,"valueName":"search_term_string"}}],"inLanguage":"pt-PT"},{"@type":"Organization","@id":"https:\/\/greeproducts.com\/pt-pt\/#organization","name":"GREE","url":"https:\/\/greeproducts.com\/pt-pt\/","logo":{"@type":"ImageObject","inLanguage":"pt-PT","@id":"https:\/\/greeproducts.com\/pt-pt\/#\/schema\/logo\/image\/","url":"https:\/\/greeproducts.com\/wp-content\/uploads\/2025\/01\/gree_logo_black.svg","contentUrl":"https:\/\/greeproducts.com\/wp-content\/uploads\/2025\/01\/gree_logo_black.svg","caption":"GREE"},"image":{"@id":"https:\/\/greeproducts.com\/pt-pt\/#\/schema\/logo\/image\/"}}]}},"_links":{"self":[{"href":"https:\/\/greeproducts.com\/pt-pt\/wp-json\/wp\/v2\/pages\/42696","targetHints":{"allow":["GET"]}}],"collection":[{"href":"https:\/\/greeproducts.com\/pt-pt\/wp-json\/wp\/v2\/pages"}],"about":[{"href":"https:\/\/greeproducts.com\/pt-pt\/wp-json\/wp\/v2\/types\/page"}],"author":[{"embeddable":true,"href":"https:\/\/greeproducts.com\/pt-pt\/wp-json\/wp\/v2\/users\/14"}],"replies":[{"embeddable":true,"href":"https:\/\/greeproducts.com\/pt-pt\/wp-json\/wp\/v2\/comments?post=42696"}],"version-history":[{"count":2,"href":"https:\/\/greeproducts.com\/pt-pt\/wp-json\/wp\/v2\/pages\/42696\/revisions"}],"predecessor-version":[{"id":42699,"href":"https:\/\/greeproducts.com\/pt-pt\/wp-json\/wp\/v2\/pages\/42696\/revisions\/42699"}],"wp:featuredmedia":[{"embeddable":true,"href":"https:\/\/greeproducts.com\/pt-pt\/wp-json\/wp\/v2\/media\/42642"}],"wp:attachment":[{"href":"https:\/\/greeproducts.com\/pt-pt\/wp-json\/wp\/v2\/media?parent=42696"}],"curies":[{"name":"wp","href":"https:\/\/api.w.org\/{rel}","templated":true}]}}