{"id":15110,"date":"2025-03-31T12:38:32","date_gmt":"2025-03-31T10:38:32","guid":{"rendered":"https:\/\/greeproducts.com\/?page_id=15110"},"modified":"2025-06-27T14:18:56","modified_gmt":"2025-06-27T12:18:56","slug":"climatizacao-para-espacos-comerciais","status":"publish","type":"page","link":"https:\/\/greeproducts.com\/pt-pt\/climatizacao-para-espacos-comerciais\/","title":{"rendered":"Comercios"},"content":{"rendered":"","protected":false},"excerpt":{"rendered":"","protected":false},"author":2,"featured_media":0,"parent":0,"menu_order":0,"comment_status":"closed","ping_status":"closed","template":"","meta":{"_acf_changed":false,"footnotes":""},"class_list":["post-15110","page","type-page","status-publish","hentry"],"acf":[],"yoast_head":"<!-- This site is optimized with the Yoast SEO plugin v26.9 - https:\/\/yoast.com\/product\/yoast-seo-wordpress\/ -->\n<title>\u27a4 Ar-condicionado para instala\u00e7\u00f5es comerciais | Solu\u00e7\u00f5es GREE<\/title>\n<meta name=\"description\" content=\"Descubra as solu\u00e7\u00f5es de ar-condicionado da GREE para instala\u00e7\u00f5es comerciais. Efici\u00eancia energ\u00e9tica, conforto e design adapt\u00e1vel. Solicite seu or\u00e7amento!\" \/>\n<meta name=\"robots\" content=\"index, follow, max-snippet:-1, max-image-preview:large, max-video-preview:-1\" \/>\n<link rel=\"canonical\" href=\"https:\/\/greeproducts.com\/pt-pt\/climatizacao-para-espacos-comerciais\/\" \/>\n<meta property=\"og:locale\" content=\"pt_PT\" \/>\n<meta property=\"og:type\" content=\"article\" \/>\n<meta property=\"og:title\" content=\"\u27a4 Ar-condicionado para instala\u00e7\u00f5es comerciais | Solu\u00e7\u00f5es GREE\" \/>\n<meta property=\"og:description\" content=\"Descubra as solu\u00e7\u00f5es de ar-condicionado da GREE para instala\u00e7\u00f5es comerciais. Efici\u00eancia energ\u00e9tica, conforto e design adapt\u00e1vel. Solicite seu or\u00e7amento!\" \/>\n<meta property=\"og:url\" content=\"https:\/\/greeproducts.com\/pt-pt\/climatizacao-para-espacos-comerciais\/\" \/>\n<meta property=\"og:site_name\" content=\"GREE\" \/>\n<meta property=\"article:modified_time\" content=\"2025-06-27T12:18:56+00:00\" \/>\n<meta name=\"twitter:card\" content=\"summary_large_image\" \/>\n<script type=\"application\/ld+json\" class=\"yoast-schema-graph\">{\"@context\":\"https:\/\/schema.org\",\"@graph\":[{\"@type\":\"WebPage\",\"@id\":\"https:\/\/greeproducts.com\/pt-pt\/climatizacao-para-espacos-comerciais\/\",\"url\":\"https:\/\/greeproducts.com\/pt-pt\/climatizacao-para-espacos-comerciais\/\",\"name\":\"\u27a4 Ar-condicionado para instala\u00e7\u00f5es comerciais | Solu\u00e7\u00f5es GREE\",\"isPartOf\":{\"@id\":\"https:\/\/greeproducts.com\/pt-pt\/#website\"},\"datePublished\":\"2025-03-31T10:38:32+00:00\",\"dateModified\":\"2025-06-27T12:18:56+00:00\",\"description\":\"Descubra as solu\u00e7\u00f5es de ar-condicionado da GREE para instala\u00e7\u00f5es comerciais. Efici\u00eancia energ\u00e9tica, conforto e design adapt\u00e1vel. Solicite seu or\u00e7amento!\",\"breadcrumb\":{\"@id\":\"https:\/\/greeproducts.com\/pt-pt\/climatizacao-para-espacos-comerciais\/#breadcrumb\"},\"inLanguage\":\"pt-PT\",\"potentialAction\":[{\"@type\":\"ReadAction\",\"target\":[\"https:\/\/greeproducts.com\/pt-pt\/climatizacao-para-espacos-comerciais\/\"]}]},{\"@type\":\"BreadcrumbList\",\"@id\":\"https:\/\/greeproducts.com\/pt-pt\/climatizacao-para-espacos-comerciais\/#breadcrumb\",\"itemListElement\":[{\"@type\":\"ListItem\",\"position\":1,\"name\":\"Portada\",\"item\":\"https:\/\/greeproducts.com\/pt-pt\/\"},{\"@type\":\"ListItem\",\"position\":2,\"name\":\"Comercios\"}]},{\"@type\":\"WebSite\",\"@id\":\"https:\/\/greeproducts.com\/pt-pt\/#website\",\"url\":\"https:\/\/greeproducts.com\/pt-pt\/\",\"name\":\"GREE\",\"description\":\"\",\"publisher\":{\"@id\":\"https:\/\/greeproducts.com\/pt-pt\/#organization\"},\"potentialAction\":[{\"@type\":\"SearchAction\",\"target\":{\"@type\":\"EntryPoint\",\"urlTemplate\":\"https:\/\/greeproducts.com\/pt-pt\/?s={search_term_string}\"},\"query-input\":{\"@type\":\"PropertyValueSpecification\",\"valueRequired\":true,\"valueName\":\"search_term_string\"}}],\"inLanguage\":\"pt-PT\"},{\"@type\":\"Organization\",\"@id\":\"https:\/\/greeproducts.com\/pt-pt\/#organization\",\"name\":\"GREE\",\"url\":\"https:\/\/greeproducts.com\/pt-pt\/\",\"logo\":{\"@type\":\"ImageObject\",\"inLanguage\":\"pt-PT\",\"@id\":\"https:\/\/greeproducts.com\/pt-pt\/#\/schema\/logo\/image\/\",\"url\":\"https:\/\/greeproducts.com\/wp-content\/uploads\/2025\/01\/gree_logo_black.svg\",\"contentUrl\":\"https:\/\/greeproducts.com\/wp-content\/uploads\/2025\/01\/gree_logo_black.svg\",\"caption\":\"GREE\"},\"image\":{\"@id\":\"https:\/\/greeproducts.com\/pt-pt\/#\/schema\/logo\/image\/\"}}]}<\/script>\n<!-- \/ Yoast SEO plugin. -->","yoast_head_json":{"title":"\u27a4 Ar-condicionado para instala\u00e7\u00f5es comerciais | Solu\u00e7\u00f5es GREE","description":"Descubra as solu\u00e7\u00f5es de ar-condicionado da GREE para instala\u00e7\u00f5es comerciais. Efici\u00eancia energ\u00e9tica, conforto e design adapt\u00e1vel. Solicite seu or\u00e7amento!","robots":{"index":"index","follow":"follow","max-snippet":"max-snippet:-1","max-image-preview":"max-image-preview:large","max-video-preview":"max-video-preview:-1"},"canonical":"https:\/\/greeproducts.com\/pt-pt\/climatizacao-para-espacos-comerciais\/","og_locale":"pt_PT","og_type":"article","og_title":"\u27a4 Ar-condicionado para instala\u00e7\u00f5es comerciais | Solu\u00e7\u00f5es GREE","og_description":"Descubra as solu\u00e7\u00f5es de ar-condicionado da GREE para instala\u00e7\u00f5es comerciais. Efici\u00eancia energ\u00e9tica, conforto e design adapt\u00e1vel. Solicite seu or\u00e7amento!","og_url":"https:\/\/greeproducts.com\/pt-pt\/climatizacao-para-espacos-comerciais\/","og_site_name":"GREE","article_modified_time":"2025-06-27T12:18:56+00:00","twitter_card":"summary_large_image","schema":{"@context":"https:\/\/schema.org","@graph":[{"@type":"WebPage","@id":"https:\/\/greeproducts.com\/pt-pt\/climatizacao-para-espacos-comerciais\/","url":"https:\/\/greeproducts.com\/pt-pt\/climatizacao-para-espacos-comerciais\/","name":"\u27a4 Ar-condicionado para instala\u00e7\u00f5es comerciais | Solu\u00e7\u00f5es GREE","isPartOf":{"@id":"https:\/\/greeproducts.com\/pt-pt\/#website"},"datePublished":"2025-03-31T10:38:32+00:00","dateModified":"2025-06-27T12:18:56+00:00","description":"Descubra as solu\u00e7\u00f5es de ar-condicionado da GREE para instala\u00e7\u00f5es comerciais. Efici\u00eancia energ\u00e9tica, conforto e design adapt\u00e1vel. Solicite seu or\u00e7amento!","breadcrumb":{"@id":"https:\/\/greeproducts.com\/pt-pt\/climatizacao-para-espacos-comerciais\/#breadcrumb"},"inLanguage":"pt-PT","potentialAction":[{"@type":"ReadAction","target":["https:\/\/greeproducts.com\/pt-pt\/climatizacao-para-espacos-comerciais\/"]}]},{"@type":"BreadcrumbList","@id":"https:\/\/greeproducts.com\/pt-pt\/climatizacao-para-espacos-comerciais\/#breadcrumb","itemListElement":[{"@type":"ListItem","position":1,"name":"Portada","item":"https:\/\/greeproducts.com\/pt-pt\/"},{"@type":"ListItem","position":2,"name":"Comercios"}]},{"@type":"WebSite","@id":"https:\/\/greeproducts.com\/pt-pt\/#website","url":"https:\/\/greeproducts.com\/pt-pt\/","name":"GREE","description":"","publisher":{"@id":"https:\/\/greeproducts.com\/pt-pt\/#organization"},"potentialAction":[{"@type":"SearchAction","target":{"@type":"EntryPoint","urlTemplate":"https:\/\/greeproducts.com\/pt-pt\/?s={search_term_string}"},"query-input":{"@type":"PropertyValueSpecification","valueRequired":true,"valueName":"search_term_string"}}],"inLanguage":"pt-PT"},{"@type":"Organization","@id":"https:\/\/greeproducts.com\/pt-pt\/#organization","name":"GREE","url":"https:\/\/greeproducts.com\/pt-pt\/","logo":{"@type":"ImageObject","inLanguage":"pt-PT","@id":"https:\/\/greeproducts.com\/pt-pt\/#\/schema\/logo\/image\/","url":"https:\/\/greeproducts.com\/wp-content\/uploads\/2025\/01\/gree_logo_black.svg","contentUrl":"https:\/\/greeproducts.com\/wp-content\/uploads\/2025\/01\/gree_logo_black.svg","caption":"GREE"},"image":{"@id":"https:\/\/greeproducts.com\/pt-pt\/#\/schema\/logo\/image\/"}}]}},"_links":{"self":[{"href":"https:\/\/greeproducts.com\/pt-pt\/wp-json\/wp\/v2\/pages\/15110","targetHints":{"allow":["GET"]}}],"collection":[{"href":"https:\/\/greeproducts.com\/pt-pt\/wp-json\/wp\/v2\/pages"}],"about":[{"href":"https:\/\/greeproducts.com\/pt-pt\/wp-json\/wp\/v2\/types\/page"}],"author":[{"embeddable":true,"href":"https:\/\/greeproducts.com\/pt-pt\/wp-json\/wp\/v2\/users\/2"}],"replies":[{"embeddable":true,"href":"https:\/\/greeproducts.com\/pt-pt\/wp-json\/wp\/v2\/comments?post=15110"}],"version-history":[{"count":3,"href":"https:\/\/greeproducts.com\/pt-pt\/wp-json\/wp\/v2\/pages\/15110\/revisions"}],"predecessor-version":[{"id":18652,"href":"https:\/\/greeproducts.com\/pt-pt\/wp-json\/wp\/v2\/pages\/15110\/revisions\/18652"}],"wp:attachment":[{"href":"https:\/\/greeproducts.com\/pt-pt\/wp-json\/wp\/v2\/media?parent=15110"}],"curies":[{"name":"wp","href":"https:\/\/api.w.org\/{rel}","templated":true}]}}