{"id":15107,"date":"2025-03-31T12:37:24","date_gmt":"2025-03-31T10:37:24","guid":{"rendered":"https:\/\/greeproducts.com\/?page_id=15107"},"modified":"2025-06-27T14:20:53","modified_gmt":"2025-06-27T12:20:53","slug":"climatizacao-para-residencias-e-edificios-residenciais","status":"publish","type":"page","link":"https:\/\/greeproducts.com\/pt-pt\/climatizacao-para-residencias-e-edificios-residenciais\/","title":{"rendered":"Resid\u00eancias"},"content":{"rendered":"","protected":false},"excerpt":{"rendered":"","protected":false},"author":2,"featured_media":0,"parent":0,"menu_order":0,"comment_status":"closed","ping_status":"closed","template":"","meta":{"_acf_changed":false,"footnotes":""},"class_list":["post-15107","page","type-page","status-publish","hentry"],"acf":[],"yoast_head":"<!-- This site is optimized with the Yoast SEO plugin v26.9 - https:\/\/yoast.com\/product\/yoast-seo-wordpress\/ -->\n<title>Climatiza\u00e7\u00e3o para resid\u00eancias | GREE Solu\u00e7\u00f5es Sustent\u00e1veis<\/title>\n<meta name=\"description\" content=\"Descubra as melhores solu\u00e7\u00f5es de ar condicionado para resid\u00eancias e edif\u00edcios residenciais. Na GREE oferecemos sistemas de alta efici\u00eancia. Contate-nos!\" \/>\n<meta name=\"robots\" content=\"index, follow, max-snippet:-1, max-image-preview:large, max-video-preview:-1\" \/>\n<link rel=\"canonical\" href=\"https:\/\/greeproducts.com\/pt-pt\/climatizacao-para-residencias-e-edificios-residenciais\/\" \/>\n<meta property=\"og:locale\" content=\"pt_PT\" \/>\n<meta property=\"og:type\" content=\"article\" \/>\n<meta property=\"og:title\" content=\"Climatiza\u00e7\u00e3o para resid\u00eancias | GREE Solu\u00e7\u00f5es Sustent\u00e1veis\" \/>\n<meta property=\"og:description\" content=\"Descubra as melhores solu\u00e7\u00f5es de ar condicionado para resid\u00eancias e edif\u00edcios residenciais. Na GREE oferecemos sistemas de alta efici\u00eancia. Contate-nos!\" \/>\n<meta property=\"og:url\" content=\"https:\/\/greeproducts.com\/pt-pt\/climatizacao-para-residencias-e-edificios-residenciais\/\" \/>\n<meta property=\"og:site_name\" content=\"GREE\" \/>\n<meta property=\"article:modified_time\" content=\"2025-06-27T12:20:53+00:00\" \/>\n<meta name=\"twitter:card\" content=\"summary_large_image\" \/>\n<script type=\"application\/ld+json\" class=\"yoast-schema-graph\">{\"@context\":\"https:\/\/schema.org\",\"@graph\":[{\"@type\":\"WebPage\",\"@id\":\"https:\/\/greeproducts.com\/pt-pt\/climatizacao-para-residencias-e-edificios-residenciais\/\",\"url\":\"https:\/\/greeproducts.com\/pt-pt\/climatizacao-para-residencias-e-edificios-residenciais\/\",\"name\":\"Climatiza\u00e7\u00e3o para resid\u00eancias | GREE Solu\u00e7\u00f5es Sustent\u00e1veis\",\"isPartOf\":{\"@id\":\"https:\/\/greeproducts.com\/pt-pt\/#website\"},\"datePublished\":\"2025-03-31T10:37:24+00:00\",\"dateModified\":\"2025-06-27T12:20:53+00:00\",\"description\":\"Descubra as melhores solu\u00e7\u00f5es de ar condicionado para resid\u00eancias e edif\u00edcios residenciais. Na GREE oferecemos sistemas de alta efici\u00eancia. Contate-nos!\",\"breadcrumb\":{\"@id\":\"https:\/\/greeproducts.com\/pt-pt\/climatizacao-para-residencias-e-edificios-residenciais\/#breadcrumb\"},\"inLanguage\":\"pt-PT\",\"potentialAction\":[{\"@type\":\"ReadAction\",\"target\":[\"https:\/\/greeproducts.com\/pt-pt\/climatizacao-para-residencias-e-edificios-residenciais\/\"]}]},{\"@type\":\"BreadcrumbList\",\"@id\":\"https:\/\/greeproducts.com\/pt-pt\/climatizacao-para-residencias-e-edificios-residenciais\/#breadcrumb\",\"itemListElement\":[{\"@type\":\"ListItem\",\"position\":1,\"name\":\"Portada\",\"item\":\"https:\/\/greeproducts.com\/pt-pt\/\"},{\"@type\":\"ListItem\",\"position\":2,\"name\":\"Resid\u00eancias\"}]},{\"@type\":\"WebSite\",\"@id\":\"https:\/\/greeproducts.com\/pt-pt\/#website\",\"url\":\"https:\/\/greeproducts.com\/pt-pt\/\",\"name\":\"GREE\",\"description\":\"\",\"publisher\":{\"@id\":\"https:\/\/greeproducts.com\/pt-pt\/#organization\"},\"potentialAction\":[{\"@type\":\"SearchAction\",\"target\":{\"@type\":\"EntryPoint\",\"urlTemplate\":\"https:\/\/greeproducts.com\/pt-pt\/?s={search_term_string}\"},\"query-input\":{\"@type\":\"PropertyValueSpecification\",\"valueRequired\":true,\"valueName\":\"search_term_string\"}}],\"inLanguage\":\"pt-PT\"},{\"@type\":\"Organization\",\"@id\":\"https:\/\/greeproducts.com\/pt-pt\/#organization\",\"name\":\"GREE\",\"url\":\"https:\/\/greeproducts.com\/pt-pt\/\",\"logo\":{\"@type\":\"ImageObject\",\"inLanguage\":\"pt-PT\",\"@id\":\"https:\/\/greeproducts.com\/pt-pt\/#\/schema\/logo\/image\/\",\"url\":\"https:\/\/greeproducts.com\/wp-content\/uploads\/2025\/01\/gree_logo_black.svg\",\"contentUrl\":\"https:\/\/greeproducts.com\/wp-content\/uploads\/2025\/01\/gree_logo_black.svg\",\"caption\":\"GREE\"},\"image\":{\"@id\":\"https:\/\/greeproducts.com\/pt-pt\/#\/schema\/logo\/image\/\"}}]}<\/script>\n<!-- \/ Yoast SEO plugin. -->","yoast_head_json":{"title":"Climatiza\u00e7\u00e3o para resid\u00eancias | GREE Solu\u00e7\u00f5es Sustent\u00e1veis","description":"Descubra as melhores solu\u00e7\u00f5es de ar condicionado para resid\u00eancias e edif\u00edcios residenciais. Na GREE oferecemos sistemas de alta efici\u00eancia. Contate-nos!","robots":{"index":"index","follow":"follow","max-snippet":"max-snippet:-1","max-image-preview":"max-image-preview:large","max-video-preview":"max-video-preview:-1"},"canonical":"https:\/\/greeproducts.com\/pt-pt\/climatizacao-para-residencias-e-edificios-residenciais\/","og_locale":"pt_PT","og_type":"article","og_title":"Climatiza\u00e7\u00e3o para resid\u00eancias | GREE Solu\u00e7\u00f5es Sustent\u00e1veis","og_description":"Descubra as melhores solu\u00e7\u00f5es de ar condicionado para resid\u00eancias e edif\u00edcios residenciais. Na GREE oferecemos sistemas de alta efici\u00eancia. Contate-nos!","og_url":"https:\/\/greeproducts.com\/pt-pt\/climatizacao-para-residencias-e-edificios-residenciais\/","og_site_name":"GREE","article_modified_time":"2025-06-27T12:20:53+00:00","twitter_card":"summary_large_image","schema":{"@context":"https:\/\/schema.org","@graph":[{"@type":"WebPage","@id":"https:\/\/greeproducts.com\/pt-pt\/climatizacao-para-residencias-e-edificios-residenciais\/","url":"https:\/\/greeproducts.com\/pt-pt\/climatizacao-para-residencias-e-edificios-residenciais\/","name":"Climatiza\u00e7\u00e3o para resid\u00eancias | GREE Solu\u00e7\u00f5es Sustent\u00e1veis","isPartOf":{"@id":"https:\/\/greeproducts.com\/pt-pt\/#website"},"datePublished":"2025-03-31T10:37:24+00:00","dateModified":"2025-06-27T12:20:53+00:00","description":"Descubra as melhores solu\u00e7\u00f5es de ar condicionado para resid\u00eancias e edif\u00edcios residenciais. Na GREE oferecemos sistemas de alta efici\u00eancia. Contate-nos!","breadcrumb":{"@id":"https:\/\/greeproducts.com\/pt-pt\/climatizacao-para-residencias-e-edificios-residenciais\/#breadcrumb"},"inLanguage":"pt-PT","potentialAction":[{"@type":"ReadAction","target":["https:\/\/greeproducts.com\/pt-pt\/climatizacao-para-residencias-e-edificios-residenciais\/"]}]},{"@type":"BreadcrumbList","@id":"https:\/\/greeproducts.com\/pt-pt\/climatizacao-para-residencias-e-edificios-residenciais\/#breadcrumb","itemListElement":[{"@type":"ListItem","position":1,"name":"Portada","item":"https:\/\/greeproducts.com\/pt-pt\/"},{"@type":"ListItem","position":2,"name":"Resid\u00eancias"}]},{"@type":"WebSite","@id":"https:\/\/greeproducts.com\/pt-pt\/#website","url":"https:\/\/greeproducts.com\/pt-pt\/","name":"GREE","description":"","publisher":{"@id":"https:\/\/greeproducts.com\/pt-pt\/#organization"},"potentialAction":[{"@type":"SearchAction","target":{"@type":"EntryPoint","urlTemplate":"https:\/\/greeproducts.com\/pt-pt\/?s={search_term_string}"},"query-input":{"@type":"PropertyValueSpecification","valueRequired":true,"valueName":"search_term_string"}}],"inLanguage":"pt-PT"},{"@type":"Organization","@id":"https:\/\/greeproducts.com\/pt-pt\/#organization","name":"GREE","url":"https:\/\/greeproducts.com\/pt-pt\/","logo":{"@type":"ImageObject","inLanguage":"pt-PT","@id":"https:\/\/greeproducts.com\/pt-pt\/#\/schema\/logo\/image\/","url":"https:\/\/greeproducts.com\/wp-content\/uploads\/2025\/01\/gree_logo_black.svg","contentUrl":"https:\/\/greeproducts.com\/wp-content\/uploads\/2025\/01\/gree_logo_black.svg","caption":"GREE"},"image":{"@id":"https:\/\/greeproducts.com\/pt-pt\/#\/schema\/logo\/image\/"}}]}},"_links":{"self":[{"href":"https:\/\/greeproducts.com\/pt-pt\/wp-json\/wp\/v2\/pages\/15107","targetHints":{"allow":["GET"]}}],"collection":[{"href":"https:\/\/greeproducts.com\/pt-pt\/wp-json\/wp\/v2\/pages"}],"about":[{"href":"https:\/\/greeproducts.com\/pt-pt\/wp-json\/wp\/v2\/types\/page"}],"author":[{"embeddable":true,"href":"https:\/\/greeproducts.com\/pt-pt\/wp-json\/wp\/v2\/users\/2"}],"replies":[{"embeddable":true,"href":"https:\/\/greeproducts.com\/pt-pt\/wp-json\/wp\/v2\/comments?post=15107"}],"version-history":[{"count":3,"href":"https:\/\/greeproducts.com\/pt-pt\/wp-json\/wp\/v2\/pages\/15107\/revisions"}],"predecessor-version":[{"id":18653,"href":"https:\/\/greeproducts.com\/pt-pt\/wp-json\/wp\/v2\/pages\/15107\/revisions\/18653"}],"wp:attachment":[{"href":"https:\/\/greeproducts.com\/pt-pt\/wp-json\/wp\/v2\/media?parent=15107"}],"curies":[{"name":"wp","href":"https:\/\/api.w.org\/{rel}","templated":true}]}}