{"id":1491,"date":"2019-08-05T09:05:22","date_gmt":"2019-08-05T07:05:22","guid":{"rendered":"https:\/\/greeproducts.com\/casa\/"},"modified":"2025-11-10T14:07:56","modified_gmt":"2025-11-10T13:07:56","slug":"home","status":"publish","type":"page","link":"https:\/\/greeproducts.com\/pt-pt\/","title":{"rendered":"Home"},"content":{"rendered":"","protected":false},"excerpt":{"rendered":"","protected":false},"author":1,"featured_media":0,"parent":0,"menu_order":0,"comment_status":"open","ping_status":"closed","template":"","meta":{"_acf_changed":false,"footnotes":""},"class_list":["post-1491","page","type-page","status-publish","hentry"],"acf":[],"yoast_head":"<!-- This site is optimized with the Yoast SEO plugin v26.9 - https:\/\/yoast.com\/product\/yoast-seo-wordpress\/ -->\n<title>Gree Products | Importador oficial da GREE<\/title>\n<meta name=\"description\" content=\"Somos l\u00edderes em tecnologia, inova\u00e7\u00e3o e sustentabilidade, com presen\u00e7a em mais de 160 pa\u00edses e regi\u00f5es. Comercializamos e prestamos servi\u00e7os em Fran\u00e7a, Espanha e Portugal.\" \/>\n<meta name=\"robots\" content=\"index, follow, max-snippet:-1, max-image-preview:large, max-video-preview:-1\" \/>\n<link rel=\"canonical\" href=\"https:\/\/greeproducts.com\/pt-pt\/\" \/>\n<meta property=\"og:locale\" content=\"pt_PT\" \/>\n<meta property=\"og:type\" content=\"article\" \/>\n<meta property=\"og:title\" content=\"Gree Products | Importador oficial da GREE\" \/>\n<meta property=\"og:description\" content=\"Somos l\u00edderes em tecnologia, inova\u00e7\u00e3o e sustentabilidade, com presen\u00e7a em mais de 160 pa\u00edses e regi\u00f5es. Comercializamos e prestamos servi\u00e7os em Fran\u00e7a, Espanha e Portugal.\" \/>\n<meta property=\"og:url\" content=\"https:\/\/greeproducts.com\/pt-pt\/\" \/>\n<meta property=\"og:site_name\" content=\"GREE\" \/>\n<meta property=\"article:modified_time\" content=\"2025-11-10T13:07:56+00:00\" \/>\n<meta name=\"twitter:card\" content=\"summary_large_image\" \/>\n<script type=\"application\/ld+json\" class=\"yoast-schema-graph\">{\"@context\":\"https:\/\/schema.org\",\"@graph\":[{\"@type\":\"WebPage\",\"@id\":\"https:\/\/greeproducts.com\/pt-pt\/\",\"url\":\"https:\/\/greeproducts.com\/pt-pt\/\",\"name\":\"Gree Products | Importador oficial da GREE\",\"isPartOf\":{\"@id\":\"https:\/\/greeproducts.com\/pt-pt\/#website\"},\"datePublished\":\"2019-08-05T07:05:22+00:00\",\"dateModified\":\"2025-11-10T13:07:56+00:00\",\"description\":\"Somos l\u00edderes em tecnologia, inova\u00e7\u00e3o e sustentabilidade, com presen\u00e7a em mais de 160 pa\u00edses e regi\u00f5es. Comercializamos e prestamos servi\u00e7os em Fran\u00e7a, Espanha e Portugal.\",\"breadcrumb\":{\"@id\":\"https:\/\/greeproducts.com\/pt-pt\/#breadcrumb\"},\"inLanguage\":\"pt-PT\",\"potentialAction\":[{\"@type\":\"ReadAction\",\"target\":[\"https:\/\/greeproducts.com\/pt-pt\/\"]}]},{\"@type\":\"BreadcrumbList\",\"@id\":\"https:\/\/greeproducts.com\/pt-pt\/#breadcrumb\",\"itemListElement\":[{\"@type\":\"ListItem\",\"position\":1,\"name\":\"Portada\",\"item\":\"https:\/\/greeproducts.com\/pt-pt\/\"},{\"@type\":\"ListItem\",\"position\":2,\"name\":\"Home\"}]},{\"@type\":\"WebSite\",\"@id\":\"https:\/\/greeproducts.com\/pt-pt\/#website\",\"url\":\"https:\/\/greeproducts.com\/pt-pt\/\",\"name\":\"GREE\",\"description\":\"\",\"publisher\":{\"@id\":\"https:\/\/greeproducts.com\/pt-pt\/#organization\"},\"potentialAction\":[{\"@type\":\"SearchAction\",\"target\":{\"@type\":\"EntryPoint\",\"urlTemplate\":\"https:\/\/greeproducts.com\/pt-pt\/?s={search_term_string}\"},\"query-input\":{\"@type\":\"PropertyValueSpecification\",\"valueRequired\":true,\"valueName\":\"search_term_string\"}}],\"inLanguage\":\"pt-PT\"},{\"@type\":\"Organization\",\"@id\":\"https:\/\/greeproducts.com\/pt-pt\/#organization\",\"name\":\"GREE\",\"url\":\"https:\/\/greeproducts.com\/pt-pt\/\",\"logo\":{\"@type\":\"ImageObject\",\"inLanguage\":\"pt-PT\",\"@id\":\"https:\/\/greeproducts.com\/pt-pt\/#\/schema\/logo\/image\/\",\"url\":\"https:\/\/greeproducts.com\/wp-content\/uploads\/2025\/01\/gree_logo_black.svg\",\"contentUrl\":\"https:\/\/greeproducts.com\/wp-content\/uploads\/2025\/01\/gree_logo_black.svg\",\"caption\":\"GREE\"},\"image\":{\"@id\":\"https:\/\/greeproducts.com\/pt-pt\/#\/schema\/logo\/image\/\"}}]}<\/script>\n<!-- \/ Yoast SEO plugin. -->","yoast_head_json":{"title":"Gree Products | Importador oficial da GREE","description":"Somos l\u00edderes em tecnologia, inova\u00e7\u00e3o e sustentabilidade, com presen\u00e7a em mais de 160 pa\u00edses e regi\u00f5es. Comercializamos e prestamos servi\u00e7os em Fran\u00e7a, Espanha e Portugal.","robots":{"index":"index","follow":"follow","max-snippet":"max-snippet:-1","max-image-preview":"max-image-preview:large","max-video-preview":"max-video-preview:-1"},"canonical":"https:\/\/greeproducts.com\/pt-pt\/","og_locale":"pt_PT","og_type":"article","og_title":"Gree Products | Importador oficial da GREE","og_description":"Somos l\u00edderes em tecnologia, inova\u00e7\u00e3o e sustentabilidade, com presen\u00e7a em mais de 160 pa\u00edses e regi\u00f5es. Comercializamos e prestamos servi\u00e7os em Fran\u00e7a, Espanha e Portugal.","og_url":"https:\/\/greeproducts.com\/pt-pt\/","og_site_name":"GREE","article_modified_time":"2025-11-10T13:07:56+00:00","twitter_card":"summary_large_image","schema":{"@context":"https:\/\/schema.org","@graph":[{"@type":"WebPage","@id":"https:\/\/greeproducts.com\/pt-pt\/","url":"https:\/\/greeproducts.com\/pt-pt\/","name":"Gree Products | Importador oficial da GREE","isPartOf":{"@id":"https:\/\/greeproducts.com\/pt-pt\/#website"},"datePublished":"2019-08-05T07:05:22+00:00","dateModified":"2025-11-10T13:07:56+00:00","description":"Somos l\u00edderes em tecnologia, inova\u00e7\u00e3o e sustentabilidade, com presen\u00e7a em mais de 160 pa\u00edses e regi\u00f5es. Comercializamos e prestamos servi\u00e7os em Fran\u00e7a, Espanha e Portugal.","breadcrumb":{"@id":"https:\/\/greeproducts.com\/pt-pt\/#breadcrumb"},"inLanguage":"pt-PT","potentialAction":[{"@type":"ReadAction","target":["https:\/\/greeproducts.com\/pt-pt\/"]}]},{"@type":"BreadcrumbList","@id":"https:\/\/greeproducts.com\/pt-pt\/#breadcrumb","itemListElement":[{"@type":"ListItem","position":1,"name":"Portada","item":"https:\/\/greeproducts.com\/pt-pt\/"},{"@type":"ListItem","position":2,"name":"Home"}]},{"@type":"WebSite","@id":"https:\/\/greeproducts.com\/pt-pt\/#website","url":"https:\/\/greeproducts.com\/pt-pt\/","name":"GREE","description":"","publisher":{"@id":"https:\/\/greeproducts.com\/pt-pt\/#organization"},"potentialAction":[{"@type":"SearchAction","target":{"@type":"EntryPoint","urlTemplate":"https:\/\/greeproducts.com\/pt-pt\/?s={search_term_string}"},"query-input":{"@type":"PropertyValueSpecification","valueRequired":true,"valueName":"search_term_string"}}],"inLanguage":"pt-PT"},{"@type":"Organization","@id":"https:\/\/greeproducts.com\/pt-pt\/#organization","name":"GREE","url":"https:\/\/greeproducts.com\/pt-pt\/","logo":{"@type":"ImageObject","inLanguage":"pt-PT","@id":"https:\/\/greeproducts.com\/pt-pt\/#\/schema\/logo\/image\/","url":"https:\/\/greeproducts.com\/wp-content\/uploads\/2025\/01\/gree_logo_black.svg","contentUrl":"https:\/\/greeproducts.com\/wp-content\/uploads\/2025\/01\/gree_logo_black.svg","caption":"GREE"},"image":{"@id":"https:\/\/greeproducts.com\/pt-pt\/#\/schema\/logo\/image\/"}}]}},"_links":{"self":[{"href":"https:\/\/greeproducts.com\/pt-pt\/wp-json\/wp\/v2\/pages\/1491","targetHints":{"allow":["GET"]}}],"collection":[{"href":"https:\/\/greeproducts.com\/pt-pt\/wp-json\/wp\/v2\/pages"}],"about":[{"href":"https:\/\/greeproducts.com\/pt-pt\/wp-json\/wp\/v2\/types\/page"}],"author":[{"embeddable":true,"href":"https:\/\/greeproducts.com\/pt-pt\/wp-json\/wp\/v2\/users\/1"}],"replies":[{"embeddable":true,"href":"https:\/\/greeproducts.com\/pt-pt\/wp-json\/wp\/v2\/comments?post=1491"}],"version-history":[{"count":3,"href":"https:\/\/greeproducts.com\/pt-pt\/wp-json\/wp\/v2\/pages\/1491\/revisions"}],"predecessor-version":[{"id":42817,"href":"https:\/\/greeproducts.com\/pt-pt\/wp-json\/wp\/v2\/pages\/1491\/revisions\/42817"}],"wp:attachment":[{"href":"https:\/\/greeproducts.com\/pt-pt\/wp-json\/wp\/v2\/media?parent=1491"}],"curies":[{"name":"wp","href":"https:\/\/api.w.org\/{rel}","templated":true}]}}