{"id":41617,"date":"2025-08-21T09:09:17","date_gmt":"2025-08-21T07:09:17","guid":{"rendered":"https:\/\/greeproducts.com\/producto\/um-cdt-24-2\/"},"modified":"2025-08-21T10:18:39","modified_gmt":"2025-08-21T08:18:39","slug":"um-cdt-24","status":"publish","type":"product","link":"https:\/\/greeproducts.com\/fr\/produits\/um-cdt-24\/","title":{"rendered":"UM CDT 24"},"content":{"rendered":"<ul>\n<li>Classe \u00e9nerg\u00e9tique A++\/A+<\/li>\n<li>\u00c9vacuation des condensats des deux c\u00f4t\u00e9s<\/li>\n<li>Pompe de relevage\u00a0incluse (Jusqu&rsquo;\u00e0 1 m\u00e8tre d&rsquo;\u00e9l\u00e9vation)<\/li>\n<li>Syst\u00e8me de renouvellement d\u2019air et contr\u00f4le d\u2019entr\u00e9e\n<\/li>\n<\/ul>\n","protected":false},"excerpt":{"rendered":"<p>Unit\u00e9s int\u00e9rieures U-Match<\/p>\n","protected":false},"featured_media":0,"template":"","meta":{"_acf_changed":false},"product_brand":[],"product_cat":[1292],"product_tag":[],"class_list":{"0":"post-41617","1":"product","2":"type-product","3":"status-publish","5":"product_cat-um-gainables","7":"first","8":"instock","9":"shipping-taxable","10":"product-type-simple"},"acf":[],"yoast_head":"<!-- This site is optimized with the Yoast SEO plugin v26.9 - https:\/\/yoast.com\/product\/yoast-seo-wordpress\/ -->\n<title>UM CDT 24 - GREE<\/title>\n<meta name=\"robots\" content=\"index, follow, max-snippet:-1, max-image-preview:large, max-video-preview:-1\" \/>\n<link rel=\"canonical\" href=\"https:\/\/greeproducts.com\/fr\/produits\/um-cdt-24\/\" \/>\n<meta property=\"og:locale\" content=\"fr_FR\" \/>\n<meta property=\"og:type\" content=\"article\" \/>\n<meta property=\"og:title\" content=\"UM CDT 24 - GREE\" \/>\n<meta property=\"og:description\" content=\"Unit\u00e9s int\u00e9rieures U-Match\" \/>\n<meta property=\"og:url\" content=\"https:\/\/greeproducts.com\/fr\/produits\/um-cdt-24\/\" \/>\n<meta property=\"og:site_name\" content=\"GREE\" \/>\n<meta property=\"article:modified_time\" content=\"2025-08-21T08:18:39+00:00\" \/>\n<meta name=\"twitter:card\" content=\"summary_large_image\" \/>\n<script type=\"application\/ld+json\" class=\"yoast-schema-graph\">{\"@context\":\"https:\/\/schema.org\",\"@graph\":[{\"@type\":\"WebPage\",\"@id\":\"https:\/\/greeproducts.com\/fr\/produits\/um-cdt-24\/\",\"url\":\"https:\/\/greeproducts.com\/fr\/produits\/um-cdt-24\/\",\"name\":\"UM CDT 24 - GREE\",\"isPartOf\":{\"@id\":\"https:\/\/greeproducts.com\/fr\/#website\"},\"datePublished\":\"2025-08-21T07:09:17+00:00\",\"dateModified\":\"2025-08-21T08:18:39+00:00\",\"breadcrumb\":{\"@id\":\"https:\/\/greeproducts.com\/fr\/produits\/um-cdt-24\/#breadcrumb\"},\"inLanguage\":\"fr-FR\",\"potentialAction\":[{\"@type\":\"ReadAction\",\"target\":[\"https:\/\/greeproducts.com\/fr\/produits\/um-cdt-24\/\"]}]},{\"@type\":\"BreadcrumbList\",\"@id\":\"https:\/\/greeproducts.com\/fr\/produits\/um-cdt-24\/#breadcrumb\",\"itemListElement\":[{\"@type\":\"ListItem\",\"position\":1,\"name\":\"Portada\",\"item\":\"https:\/\/greeproducts.com\/fr\/\"},{\"@type\":\"ListItem\",\"position\":2,\"name\":\"Produits\",\"item\":\"https:\/\/greeproducts.com\/fr\/produits\/\"},{\"@type\":\"ListItem\",\"position\":3,\"name\":\"UM CDT 24\"}]},{\"@type\":\"WebSite\",\"@id\":\"https:\/\/greeproducts.com\/fr\/#website\",\"url\":\"https:\/\/greeproducts.com\/fr\/\",\"name\":\"GREE\",\"description\":\"\",\"publisher\":{\"@id\":\"https:\/\/greeproducts.com\/fr\/#organization\"},\"potentialAction\":[{\"@type\":\"SearchAction\",\"target\":{\"@type\":\"EntryPoint\",\"urlTemplate\":\"https:\/\/greeproducts.com\/fr\/?s={search_term_string}\"},\"query-input\":{\"@type\":\"PropertyValueSpecification\",\"valueRequired\":true,\"valueName\":\"search_term_string\"}}],\"inLanguage\":\"fr-FR\"},{\"@type\":\"Organization\",\"@id\":\"https:\/\/greeproducts.com\/fr\/#organization\",\"name\":\"GREE\",\"url\":\"https:\/\/greeproducts.com\/fr\/\",\"logo\":{\"@type\":\"ImageObject\",\"inLanguage\":\"fr-FR\",\"@id\":\"https:\/\/greeproducts.com\/fr\/#\/schema\/logo\/image\/\",\"url\":\"https:\/\/greeproducts.com\/wp-content\/uploads\/2025\/01\/gree_logo_black.svg\",\"contentUrl\":\"https:\/\/greeproducts.com\/wp-content\/uploads\/2025\/01\/gree_logo_black.svg\",\"caption\":\"GREE\"},\"image\":{\"@id\":\"https:\/\/greeproducts.com\/fr\/#\/schema\/logo\/image\/\"}}]}<\/script>\n<!-- \/ Yoast SEO plugin. -->","yoast_head_json":{"title":"UM CDT 24 - GREE","robots":{"index":"index","follow":"follow","max-snippet":"max-snippet:-1","max-image-preview":"max-image-preview:large","max-video-preview":"max-video-preview:-1"},"canonical":"https:\/\/greeproducts.com\/fr\/produits\/um-cdt-24\/","og_locale":"fr_FR","og_type":"article","og_title":"UM CDT 24 - GREE","og_description":"Unit\u00e9s int\u00e9rieures U-Match","og_url":"https:\/\/greeproducts.com\/fr\/produits\/um-cdt-24\/","og_site_name":"GREE","article_modified_time":"2025-08-21T08:18:39+00:00","twitter_card":"summary_large_image","schema":{"@context":"https:\/\/schema.org","@graph":[{"@type":"WebPage","@id":"https:\/\/greeproducts.com\/fr\/produits\/um-cdt-24\/","url":"https:\/\/greeproducts.com\/fr\/produits\/um-cdt-24\/","name":"UM CDT 24 - GREE","isPartOf":{"@id":"https:\/\/greeproducts.com\/fr\/#website"},"datePublished":"2025-08-21T07:09:17+00:00","dateModified":"2025-08-21T08:18:39+00:00","breadcrumb":{"@id":"https:\/\/greeproducts.com\/fr\/produits\/um-cdt-24\/#breadcrumb"},"inLanguage":"fr-FR","potentialAction":[{"@type":"ReadAction","target":["https:\/\/greeproducts.com\/fr\/produits\/um-cdt-24\/"]}]},{"@type":"BreadcrumbList","@id":"https:\/\/greeproducts.com\/fr\/produits\/um-cdt-24\/#breadcrumb","itemListElement":[{"@type":"ListItem","position":1,"name":"Portada","item":"https:\/\/greeproducts.com\/fr\/"},{"@type":"ListItem","position":2,"name":"Produits","item":"https:\/\/greeproducts.com\/fr\/produits\/"},{"@type":"ListItem","position":3,"name":"UM CDT 24"}]},{"@type":"WebSite","@id":"https:\/\/greeproducts.com\/fr\/#website","url":"https:\/\/greeproducts.com\/fr\/","name":"GREE","description":"","publisher":{"@id":"https:\/\/greeproducts.com\/fr\/#organization"},"potentialAction":[{"@type":"SearchAction","target":{"@type":"EntryPoint","urlTemplate":"https:\/\/greeproducts.com\/fr\/?s={search_term_string}"},"query-input":{"@type":"PropertyValueSpecification","valueRequired":true,"valueName":"search_term_string"}}],"inLanguage":"fr-FR"},{"@type":"Organization","@id":"https:\/\/greeproducts.com\/fr\/#organization","name":"GREE","url":"https:\/\/greeproducts.com\/fr\/","logo":{"@type":"ImageObject","inLanguage":"fr-FR","@id":"https:\/\/greeproducts.com\/fr\/#\/schema\/logo\/image\/","url":"https:\/\/greeproducts.com\/wp-content\/uploads\/2025\/01\/gree_logo_black.svg","contentUrl":"https:\/\/greeproducts.com\/wp-content\/uploads\/2025\/01\/gree_logo_black.svg","caption":"GREE"},"image":{"@id":"https:\/\/greeproducts.com\/fr\/#\/schema\/logo\/image\/"}}]}},"_links":{"self":[{"href":"https:\/\/greeproducts.com\/fr\/wp-json\/wp\/v2\/product\/41617","targetHints":{"allow":["GET"]}}],"collection":[{"href":"https:\/\/greeproducts.com\/fr\/wp-json\/wp\/v2\/product"}],"about":[{"href":"https:\/\/greeproducts.com\/fr\/wp-json\/wp\/v2\/types\/product"}],"wp:attachment":[{"href":"https:\/\/greeproducts.com\/fr\/wp-json\/wp\/v2\/media?parent=41617"}],"wp:term":[{"taxonomy":"product_brand","embeddable":true,"href":"https:\/\/greeproducts.com\/fr\/wp-json\/wp\/v2\/product_brand?post=41617"},{"taxonomy":"product_cat","embeddable":true,"href":"https:\/\/greeproducts.com\/fr\/wp-json\/wp\/v2\/product_cat?post=41617"},{"taxonomy":"product_tag","embeddable":true,"href":"https:\/\/greeproducts.com\/fr\/wp-json\/wp\/v2\/product_tag?post=41617"}],"curies":[{"name":"wp","href":"https:\/\/api.w.org\/{rel}","templated":true}]}}