{"id":42686,"date":"2026-01-21T13:17:35","date_gmt":"2026-01-21T12:17:35","guid":{"rendered":"https:\/\/greeproducts.com\/?page_id=42686"},"modified":"2026-01-21T19:58:04","modified_gmt":"2026-01-21T18:58:04","slug":"climatisation-pour-gymnases","status":"publish","type":"page","link":"https:\/\/greeproducts.com\/fr\/climatisation-pour-gymnases\/","title":{"rendered":"Climatisation pour gymnases"},"content":{"rendered":"","protected":false},"excerpt":{"rendered":"","protected":false},"author":14,"featured_media":42641,"parent":0,"menu_order":0,"comment_status":"closed","ping_status":"closed","template":"","meta":{"_acf_changed":false,"footnotes":""},"class_list":["post-42686","page","type-page","status-publish","has-post-thumbnail","hentry"],"acf":[],"yoast_head":"<!-- This site is optimized with the Yoast SEO plugin v26.9 - https:\/\/yoast.com\/product\/yoast-seo-wordpress\/ -->\n<title>Climatisation pour gymnases | solutions efficaces GREE<\/title>\n<meta name=\"description\" content=\"D\u00e9couvrez nos solutions de climatisation pour gymnases et centres sportifs. Solutions pour le contr\u00f4le de la temp\u00e9rature, de l\u2019humidit\u00e9 et l\u2019efficacit\u00e9 \u00e9nerg\u00e9tique.\" \/>\n<meta name=\"robots\" content=\"index, follow, max-snippet:-1, max-image-preview:large, max-video-preview:-1\" \/>\n<link rel=\"canonical\" href=\"https:\/\/greeproducts.com\/fr\/climatisation-pour-gymnases\/\" \/>\n<meta property=\"og:locale\" content=\"fr_FR\" \/>\n<meta property=\"og:type\" content=\"article\" \/>\n<meta property=\"og:title\" content=\"Climatisation pour gymnases | solutions efficaces GREE\" \/>\n<meta property=\"og:description\" content=\"D\u00e9couvrez nos solutions de climatisation pour gymnases et centres sportifs. Solutions pour le contr\u00f4le de la temp\u00e9rature, de l\u2019humidit\u00e9 et l\u2019efficacit\u00e9 \u00e9nerg\u00e9tique.\" \/>\n<meta property=\"og:url\" content=\"https:\/\/greeproducts.com\/fr\/climatisation-pour-gymnases\/\" \/>\n<meta property=\"og:site_name\" content=\"GREE\" \/>\n<meta property=\"article:modified_time\" content=\"2026-01-21T18:58:04+00:00\" \/>\n<meta property=\"og:image\" content=\"https:\/\/greeproducts.com\/wp-content\/uploads\/2026\/01\/calidad-aire-interior-gimnasios.png\" \/>\n\t<meta property=\"og:image:width\" content=\"1097\" \/>\n\t<meta property=\"og:image:height\" content=\"861\" \/>\n\t<meta property=\"og:image:type\" content=\"image\/png\" \/>\n<meta name=\"twitter:card\" content=\"summary_large_image\" \/>\n<meta name=\"twitter:label1\" content=\"Dur\u00e9e de lecture estim\u00e9e\" \/>\n\t<meta name=\"twitter:data1\" content=\"1 minute\" \/>\n<script type=\"application\/ld+json\" class=\"yoast-schema-graph\">{\"@context\":\"https:\/\/schema.org\",\"@graph\":[{\"@type\":\"WebPage\",\"@id\":\"https:\/\/greeproducts.com\/fr\/climatisation-pour-gymnases\/\",\"url\":\"https:\/\/greeproducts.com\/fr\/climatisation-pour-gymnases\/\",\"name\":\"Climatisation pour gymnases | solutions efficaces GREE\",\"isPartOf\":{\"@id\":\"https:\/\/greeproducts.com\/fr\/#website\"},\"primaryImageOfPage\":{\"@id\":\"https:\/\/greeproducts.com\/fr\/climatisation-pour-gymnases\/#primaryimage\"},\"image\":{\"@id\":\"https:\/\/greeproducts.com\/fr\/climatisation-pour-gymnases\/#primaryimage\"},\"thumbnailUrl\":\"https:\/\/greeproducts.com\/wp-content\/uploads\/2026\/01\/calidad-aire-interior-gimnasios.png\",\"datePublished\":\"2026-01-21T12:17:35+00:00\",\"dateModified\":\"2026-01-21T18:58:04+00:00\",\"description\":\"D\u00e9couvrez nos solutions de climatisation pour gymnases et centres sportifs. Solutions pour le contr\u00f4le de la temp\u00e9rature, de l\u2019humidit\u00e9 et l\u2019efficacit\u00e9 \u00e9nerg\u00e9tique.\",\"breadcrumb\":{\"@id\":\"https:\/\/greeproducts.com\/fr\/climatisation-pour-gymnases\/#breadcrumb\"},\"inLanguage\":\"fr-FR\",\"potentialAction\":[{\"@type\":\"ReadAction\",\"target\":[\"https:\/\/greeproducts.com\/fr\/climatisation-pour-gymnases\/\"]}]},{\"@type\":\"ImageObject\",\"inLanguage\":\"fr-FR\",\"@id\":\"https:\/\/greeproducts.com\/fr\/climatisation-pour-gymnases\/#primaryimage\",\"url\":\"https:\/\/greeproducts.com\/wp-content\/uploads\/2026\/01\/calidad-aire-interior-gimnasios.png\",\"contentUrl\":\"https:\/\/greeproducts.com\/wp-content\/uploads\/2026\/01\/calidad-aire-interior-gimnasios.png\",\"width\":1097,\"height\":861},{\"@type\":\"BreadcrumbList\",\"@id\":\"https:\/\/greeproducts.com\/fr\/climatisation-pour-gymnases\/#breadcrumb\",\"itemListElement\":[{\"@type\":\"ListItem\",\"position\":1,\"name\":\"Portada\",\"item\":\"https:\/\/greeproducts.com\/fr\/\"},{\"@type\":\"ListItem\",\"position\":2,\"name\":\"Climatisation pour gymnases\"}]},{\"@type\":\"WebSite\",\"@id\":\"https:\/\/greeproducts.com\/fr\/#website\",\"url\":\"https:\/\/greeproducts.com\/fr\/\",\"name\":\"GREE\",\"description\":\"\",\"publisher\":{\"@id\":\"https:\/\/greeproducts.com\/fr\/#organization\"},\"potentialAction\":[{\"@type\":\"SearchAction\",\"target\":{\"@type\":\"EntryPoint\",\"urlTemplate\":\"https:\/\/greeproducts.com\/fr\/?s={search_term_string}\"},\"query-input\":{\"@type\":\"PropertyValueSpecification\",\"valueRequired\":true,\"valueName\":\"search_term_string\"}}],\"inLanguage\":\"fr-FR\"},{\"@type\":\"Organization\",\"@id\":\"https:\/\/greeproducts.com\/fr\/#organization\",\"name\":\"GREE\",\"url\":\"https:\/\/greeproducts.com\/fr\/\",\"logo\":{\"@type\":\"ImageObject\",\"inLanguage\":\"fr-FR\",\"@id\":\"https:\/\/greeproducts.com\/fr\/#\/schema\/logo\/image\/\",\"url\":\"https:\/\/greeproducts.com\/wp-content\/uploads\/2025\/01\/gree_logo_black.svg\",\"contentUrl\":\"https:\/\/greeproducts.com\/wp-content\/uploads\/2025\/01\/gree_logo_black.svg\",\"caption\":\"GREE\"},\"image\":{\"@id\":\"https:\/\/greeproducts.com\/fr\/#\/schema\/logo\/image\/\"}}]}<\/script>\n<!-- \/ Yoast SEO plugin. -->","yoast_head_json":{"title":"Climatisation pour gymnases | solutions efficaces GREE","description":"D\u00e9couvrez nos solutions de climatisation pour gymnases et centres sportifs. Solutions pour le contr\u00f4le de la temp\u00e9rature, de l\u2019humidit\u00e9 et l\u2019efficacit\u00e9 \u00e9nerg\u00e9tique.","robots":{"index":"index","follow":"follow","max-snippet":"max-snippet:-1","max-image-preview":"max-image-preview:large","max-video-preview":"max-video-preview:-1"},"canonical":"https:\/\/greeproducts.com\/fr\/climatisation-pour-gymnases\/","og_locale":"fr_FR","og_type":"article","og_title":"Climatisation pour gymnases | solutions efficaces GREE","og_description":"D\u00e9couvrez nos solutions de climatisation pour gymnases et centres sportifs. Solutions pour le contr\u00f4le de la temp\u00e9rature, de l\u2019humidit\u00e9 et l\u2019efficacit\u00e9 \u00e9nerg\u00e9tique.","og_url":"https:\/\/greeproducts.com\/fr\/climatisation-pour-gymnases\/","og_site_name":"GREE","article_modified_time":"2026-01-21T18:58:04+00:00","og_image":[{"width":1097,"height":861,"url":"https:\/\/greeproducts.com\/wp-content\/uploads\/2026\/01\/calidad-aire-interior-gimnasios.png","type":"image\/png"}],"twitter_card":"summary_large_image","twitter_misc":{"Dur\u00e9e de lecture estim\u00e9e":"1 minute"},"schema":{"@context":"https:\/\/schema.org","@graph":[{"@type":"WebPage","@id":"https:\/\/greeproducts.com\/fr\/climatisation-pour-gymnases\/","url":"https:\/\/greeproducts.com\/fr\/climatisation-pour-gymnases\/","name":"Climatisation pour gymnases | solutions efficaces GREE","isPartOf":{"@id":"https:\/\/greeproducts.com\/fr\/#website"},"primaryImageOfPage":{"@id":"https:\/\/greeproducts.com\/fr\/climatisation-pour-gymnases\/#primaryimage"},"image":{"@id":"https:\/\/greeproducts.com\/fr\/climatisation-pour-gymnases\/#primaryimage"},"thumbnailUrl":"https:\/\/greeproducts.com\/wp-content\/uploads\/2026\/01\/calidad-aire-interior-gimnasios.png","datePublished":"2026-01-21T12:17:35+00:00","dateModified":"2026-01-21T18:58:04+00:00","description":"D\u00e9couvrez nos solutions de climatisation pour gymnases et centres sportifs. Solutions pour le contr\u00f4le de la temp\u00e9rature, de l\u2019humidit\u00e9 et l\u2019efficacit\u00e9 \u00e9nerg\u00e9tique.","breadcrumb":{"@id":"https:\/\/greeproducts.com\/fr\/climatisation-pour-gymnases\/#breadcrumb"},"inLanguage":"fr-FR","potentialAction":[{"@type":"ReadAction","target":["https:\/\/greeproducts.com\/fr\/climatisation-pour-gymnases\/"]}]},{"@type":"ImageObject","inLanguage":"fr-FR","@id":"https:\/\/greeproducts.com\/fr\/climatisation-pour-gymnases\/#primaryimage","url":"https:\/\/greeproducts.com\/wp-content\/uploads\/2026\/01\/calidad-aire-interior-gimnasios.png","contentUrl":"https:\/\/greeproducts.com\/wp-content\/uploads\/2026\/01\/calidad-aire-interior-gimnasios.png","width":1097,"height":861},{"@type":"BreadcrumbList","@id":"https:\/\/greeproducts.com\/fr\/climatisation-pour-gymnases\/#breadcrumb","itemListElement":[{"@type":"ListItem","position":1,"name":"Portada","item":"https:\/\/greeproducts.com\/fr\/"},{"@type":"ListItem","position":2,"name":"Climatisation pour gymnases"}]},{"@type":"WebSite","@id":"https:\/\/greeproducts.com\/fr\/#website","url":"https:\/\/greeproducts.com\/fr\/","name":"GREE","description":"","publisher":{"@id":"https:\/\/greeproducts.com\/fr\/#organization"},"potentialAction":[{"@type":"SearchAction","target":{"@type":"EntryPoint","urlTemplate":"https:\/\/greeproducts.com\/fr\/?s={search_term_string}"},"query-input":{"@type":"PropertyValueSpecification","valueRequired":true,"valueName":"search_term_string"}}],"inLanguage":"fr-FR"},{"@type":"Organization","@id":"https:\/\/greeproducts.com\/fr\/#organization","name":"GREE","url":"https:\/\/greeproducts.com\/fr\/","logo":{"@type":"ImageObject","inLanguage":"fr-FR","@id":"https:\/\/greeproducts.com\/fr\/#\/schema\/logo\/image\/","url":"https:\/\/greeproducts.com\/wp-content\/uploads\/2025\/01\/gree_logo_black.svg","contentUrl":"https:\/\/greeproducts.com\/wp-content\/uploads\/2025\/01\/gree_logo_black.svg","caption":"GREE"},"image":{"@id":"https:\/\/greeproducts.com\/fr\/#\/schema\/logo\/image\/"}}]}},"_links":{"self":[{"href":"https:\/\/greeproducts.com\/fr\/wp-json\/wp\/v2\/pages\/42686","targetHints":{"allow":["GET"]}}],"collection":[{"href":"https:\/\/greeproducts.com\/fr\/wp-json\/wp\/v2\/pages"}],"about":[{"href":"https:\/\/greeproducts.com\/fr\/wp-json\/wp\/v2\/types\/page"}],"author":[{"embeddable":true,"href":"https:\/\/greeproducts.com\/fr\/wp-json\/wp\/v2\/users\/14"}],"replies":[{"embeddable":true,"href":"https:\/\/greeproducts.com\/fr\/wp-json\/wp\/v2\/comments?post=42686"}],"version-history":[{"count":1,"href":"https:\/\/greeproducts.com\/fr\/wp-json\/wp\/v2\/pages\/42686\/revisions"}],"predecessor-version":[{"id":42687,"href":"https:\/\/greeproducts.com\/fr\/wp-json\/wp\/v2\/pages\/42686\/revisions\/42687"}],"wp:featuredmedia":[{"embeddable":true,"href":"https:\/\/greeproducts.com\/fr\/wp-json\/wp\/v2\/media\/42641"}],"wp:attachment":[{"href":"https:\/\/greeproducts.com\/fr\/wp-json\/wp\/v2\/media?parent=42686"}],"curies":[{"name":"wp","href":"https:\/\/api.w.org\/{rel}","templated":true}]}}