{"id":15109,"date":"2025-03-31T12:38:32","date_gmt":"2025-03-31T10:38:32","guid":{"rendered":"https:\/\/greeproducts.com\/?page_id=15109"},"modified":"2025-07-18T10:10:53","modified_gmt":"2025-07-18T08:10:53","slug":"climatisation-pour-locaux-commerciaux","status":"publish","type":"page","link":"https:\/\/greeproducts.com\/fr\/climatisation-pour-locaux-commerciaux\/","title":{"rendered":"Commerces"},"content":{"rendered":"","protected":false},"excerpt":{"rendered":"","protected":false},"author":2,"featured_media":0,"parent":0,"menu_order":0,"comment_status":"closed","ping_status":"closed","template":"","meta":{"_acf_changed":false,"footnotes":""},"class_list":["post-15109","page","type-page","status-publish","hentry"],"acf":[],"yoast_head":"<!-- This site is optimized with the Yoast SEO plugin v26.9 - https:\/\/yoast.com\/product\/yoast-seo-wordpress\/ -->\n<title>\u27a4 Climatisation pour locaux commerciaux | Solutions GREE<\/title>\n<meta name=\"description\" content=\"D\u00e9couvrez les solutions de climatisation GREE pour locaux commerciaux. Efficacit\u00e9 \u00e9nerg\u00e9tique, confort et design adaptable. Demandez votre devis!\" \/>\n<meta name=\"robots\" content=\"index, follow, max-snippet:-1, max-image-preview:large, max-video-preview:-1\" \/>\n<link rel=\"canonical\" href=\"https:\/\/greeproducts.com\/fr\/climatisation-pour-locaux-commerciaux\/\" \/>\n<meta property=\"og:locale\" content=\"fr_FR\" \/>\n<meta property=\"og:type\" content=\"article\" \/>\n<meta property=\"og:title\" content=\"\u27a4 Climatisation pour locaux commerciaux | Solutions GREE\" \/>\n<meta property=\"og:description\" content=\"D\u00e9couvrez les solutions de climatisation GREE pour locaux commerciaux. Efficacit\u00e9 \u00e9nerg\u00e9tique, confort et design adaptable. Demandez votre devis!\" \/>\n<meta property=\"og:url\" content=\"https:\/\/greeproducts.com\/fr\/climatisation-pour-locaux-commerciaux\/\" \/>\n<meta property=\"og:site_name\" content=\"GREE\" \/>\n<meta property=\"article:modified_time\" content=\"2025-07-18T08:10:53+00:00\" \/>\n<meta name=\"twitter:card\" content=\"summary_large_image\" \/>\n<script type=\"application\/ld+json\" class=\"yoast-schema-graph\">{\"@context\":\"https:\/\/schema.org\",\"@graph\":[{\"@type\":\"WebPage\",\"@id\":\"https:\/\/greeproducts.com\/fr\/climatisation-pour-locaux-commerciaux\/\",\"url\":\"https:\/\/greeproducts.com\/fr\/climatisation-pour-locaux-commerciaux\/\",\"name\":\"\u27a4 Climatisation pour locaux commerciaux | Solutions GREE\",\"isPartOf\":{\"@id\":\"https:\/\/greeproducts.com\/fr\/#website\"},\"datePublished\":\"2025-03-31T10:38:32+00:00\",\"dateModified\":\"2025-07-18T08:10:53+00:00\",\"description\":\"D\u00e9couvrez les solutions de climatisation GREE pour locaux commerciaux. Efficacit\u00e9 \u00e9nerg\u00e9tique, confort et design adaptable. Demandez votre devis!\",\"breadcrumb\":{\"@id\":\"https:\/\/greeproducts.com\/fr\/climatisation-pour-locaux-commerciaux\/#breadcrumb\"},\"inLanguage\":\"fr-FR\",\"potentialAction\":[{\"@type\":\"ReadAction\",\"target\":[\"https:\/\/greeproducts.com\/fr\/climatisation-pour-locaux-commerciaux\/\"]}]},{\"@type\":\"BreadcrumbList\",\"@id\":\"https:\/\/greeproducts.com\/fr\/climatisation-pour-locaux-commerciaux\/#breadcrumb\",\"itemListElement\":[{\"@type\":\"ListItem\",\"position\":1,\"name\":\"Portada\",\"item\":\"https:\/\/greeproducts.com\/fr\/\"},{\"@type\":\"ListItem\",\"position\":2,\"name\":\"Commerces\"}]},{\"@type\":\"WebSite\",\"@id\":\"https:\/\/greeproducts.com\/fr\/#website\",\"url\":\"https:\/\/greeproducts.com\/fr\/\",\"name\":\"GREE\",\"description\":\"\",\"publisher\":{\"@id\":\"https:\/\/greeproducts.com\/fr\/#organization\"},\"potentialAction\":[{\"@type\":\"SearchAction\",\"target\":{\"@type\":\"EntryPoint\",\"urlTemplate\":\"https:\/\/greeproducts.com\/fr\/?s={search_term_string}\"},\"query-input\":{\"@type\":\"PropertyValueSpecification\",\"valueRequired\":true,\"valueName\":\"search_term_string\"}}],\"inLanguage\":\"fr-FR\"},{\"@type\":\"Organization\",\"@id\":\"https:\/\/greeproducts.com\/fr\/#organization\",\"name\":\"GREE\",\"url\":\"https:\/\/greeproducts.com\/fr\/\",\"logo\":{\"@type\":\"ImageObject\",\"inLanguage\":\"fr-FR\",\"@id\":\"https:\/\/greeproducts.com\/fr\/#\/schema\/logo\/image\/\",\"url\":\"https:\/\/greeproducts.com\/wp-content\/uploads\/2025\/01\/gree_logo_black.svg\",\"contentUrl\":\"https:\/\/greeproducts.com\/wp-content\/uploads\/2025\/01\/gree_logo_black.svg\",\"caption\":\"GREE\"},\"image\":{\"@id\":\"https:\/\/greeproducts.com\/fr\/#\/schema\/logo\/image\/\"}}]}<\/script>\n<!-- \/ Yoast SEO plugin. -->","yoast_head_json":{"title":"\u27a4 Climatisation pour locaux commerciaux | Solutions GREE","description":"D\u00e9couvrez les solutions de climatisation GREE pour locaux commerciaux. Efficacit\u00e9 \u00e9nerg\u00e9tique, confort et design adaptable. Demandez votre devis!","robots":{"index":"index","follow":"follow","max-snippet":"max-snippet:-1","max-image-preview":"max-image-preview:large","max-video-preview":"max-video-preview:-1"},"canonical":"https:\/\/greeproducts.com\/fr\/climatisation-pour-locaux-commerciaux\/","og_locale":"fr_FR","og_type":"article","og_title":"\u27a4 Climatisation pour locaux commerciaux | Solutions GREE","og_description":"D\u00e9couvrez les solutions de climatisation GREE pour locaux commerciaux. Efficacit\u00e9 \u00e9nerg\u00e9tique, confort et design adaptable. Demandez votre devis!","og_url":"https:\/\/greeproducts.com\/fr\/climatisation-pour-locaux-commerciaux\/","og_site_name":"GREE","article_modified_time":"2025-07-18T08:10:53+00:00","twitter_card":"summary_large_image","schema":{"@context":"https:\/\/schema.org","@graph":[{"@type":"WebPage","@id":"https:\/\/greeproducts.com\/fr\/climatisation-pour-locaux-commerciaux\/","url":"https:\/\/greeproducts.com\/fr\/climatisation-pour-locaux-commerciaux\/","name":"\u27a4 Climatisation pour locaux commerciaux | Solutions GREE","isPartOf":{"@id":"https:\/\/greeproducts.com\/fr\/#website"},"datePublished":"2025-03-31T10:38:32+00:00","dateModified":"2025-07-18T08:10:53+00:00","description":"D\u00e9couvrez les solutions de climatisation GREE pour locaux commerciaux. Efficacit\u00e9 \u00e9nerg\u00e9tique, confort et design adaptable. Demandez votre devis!","breadcrumb":{"@id":"https:\/\/greeproducts.com\/fr\/climatisation-pour-locaux-commerciaux\/#breadcrumb"},"inLanguage":"fr-FR","potentialAction":[{"@type":"ReadAction","target":["https:\/\/greeproducts.com\/fr\/climatisation-pour-locaux-commerciaux\/"]}]},{"@type":"BreadcrumbList","@id":"https:\/\/greeproducts.com\/fr\/climatisation-pour-locaux-commerciaux\/#breadcrumb","itemListElement":[{"@type":"ListItem","position":1,"name":"Portada","item":"https:\/\/greeproducts.com\/fr\/"},{"@type":"ListItem","position":2,"name":"Commerces"}]},{"@type":"WebSite","@id":"https:\/\/greeproducts.com\/fr\/#website","url":"https:\/\/greeproducts.com\/fr\/","name":"GREE","description":"","publisher":{"@id":"https:\/\/greeproducts.com\/fr\/#organization"},"potentialAction":[{"@type":"SearchAction","target":{"@type":"EntryPoint","urlTemplate":"https:\/\/greeproducts.com\/fr\/?s={search_term_string}"},"query-input":{"@type":"PropertyValueSpecification","valueRequired":true,"valueName":"search_term_string"}}],"inLanguage":"fr-FR"},{"@type":"Organization","@id":"https:\/\/greeproducts.com\/fr\/#organization","name":"GREE","url":"https:\/\/greeproducts.com\/fr\/","logo":{"@type":"ImageObject","inLanguage":"fr-FR","@id":"https:\/\/greeproducts.com\/fr\/#\/schema\/logo\/image\/","url":"https:\/\/greeproducts.com\/wp-content\/uploads\/2025\/01\/gree_logo_black.svg","contentUrl":"https:\/\/greeproducts.com\/wp-content\/uploads\/2025\/01\/gree_logo_black.svg","caption":"GREE"},"image":{"@id":"https:\/\/greeproducts.com\/fr\/#\/schema\/logo\/image\/"}}]}},"_links":{"self":[{"href":"https:\/\/greeproducts.com\/fr\/wp-json\/wp\/v2\/pages\/15109","targetHints":{"allow":["GET"]}}],"collection":[{"href":"https:\/\/greeproducts.com\/fr\/wp-json\/wp\/v2\/pages"}],"about":[{"href":"https:\/\/greeproducts.com\/fr\/wp-json\/wp\/v2\/types\/page"}],"author":[{"embeddable":true,"href":"https:\/\/greeproducts.com\/fr\/wp-json\/wp\/v2\/users\/2"}],"replies":[{"embeddable":true,"href":"https:\/\/greeproducts.com\/fr\/wp-json\/wp\/v2\/comments?post=15109"}],"version-history":[{"count":3,"href":"https:\/\/greeproducts.com\/fr\/wp-json\/wp\/v2\/pages\/15109\/revisions"}],"predecessor-version":[{"id":18646,"href":"https:\/\/greeproducts.com\/fr\/wp-json\/wp\/v2\/pages\/15109\/revisions\/18646"}],"wp:attachment":[{"href":"https:\/\/greeproducts.com\/fr\/wp-json\/wp\/v2\/media?parent=15109"}],"curies":[{"name":"wp","href":"https:\/\/api.w.org\/{rel}","templated":true}]}}