{"id":42617,"date":"2026-01-21T13:17:35","date_gmt":"2026-01-21T12:17:35","guid":{"rendered":"https:\/\/greeproducts.com\/?page_id=42617"},"modified":"2026-01-21T19:58:00","modified_gmt":"2026-01-21T18:58:00","slug":"climatizacion-para-gimnasios","status":"publish","type":"page","link":"https:\/\/greeproducts.com\/es\/climatizacion-para-gimnasios\/","title":{"rendered":"Gimnasios"},"content":{"rendered":"","protected":false},"excerpt":{"rendered":"","protected":false},"author":14,"featured_media":42618,"parent":0,"menu_order":0,"comment_status":"closed","ping_status":"closed","template":"","meta":{"_acf_changed":false,"footnotes":""},"class_list":["post-42617","page","type-page","status-publish","has-post-thumbnail","hentry"],"acf":[],"yoast_head":"<!-- This site is optimized with the Yoast SEO plugin v26.9 - https:\/\/yoast.com\/product\/yoast-seo-wordpress\/ -->\n<title>Climatizaci\u00f3n para gimnasios | Soluciones Eficientes GREE<\/title>\n<meta name=\"description\" content=\"Descubre nuestras soluciones de climatizaci\u00f3n para gimnasios y centros deportivos. Soluciones para control de temperatura, humedad y eficiencia energ\u00e9tica.\" \/>\n<meta name=\"robots\" content=\"index, follow, max-snippet:-1, max-image-preview:large, max-video-preview:-1\" \/>\n<link rel=\"canonical\" href=\"https:\/\/greeproducts.com\/es\/climatizacion-para-gimnasios\/\" \/>\n<meta property=\"og:locale\" content=\"es_ES\" \/>\n<meta property=\"og:type\" content=\"article\" \/>\n<meta property=\"og:title\" content=\"Climatizaci\u00f3n para gimnasios | Soluciones Eficientes GREE\" \/>\n<meta property=\"og:description\" content=\"Descubre nuestras soluciones de climatizaci\u00f3n para gimnasios y centros deportivos. Soluciones para control de temperatura, humedad y eficiencia energ\u00e9tica.\" \/>\n<meta property=\"og:url\" content=\"https:\/\/greeproducts.com\/es\/climatizacion-para-gimnasios\/\" \/>\n<meta property=\"og:site_name\" content=\"GREE\" \/>\n<meta property=\"article:modified_time\" content=\"2026-01-21T18:58:00+00:00\" \/>\n<meta property=\"og:image\" content=\"https:\/\/greeproducts.com\/wp-content\/uploads\/2026\/01\/climatizacion-gimnasios.png\" \/>\n\t<meta property=\"og:image:width\" content=\"1256\" \/>\n\t<meta property=\"og:image:height\" content=\"763\" \/>\n\t<meta property=\"og:image:type\" content=\"image\/png\" \/>\n<meta name=\"twitter:card\" content=\"summary_large_image\" \/>\n<meta name=\"twitter:label1\" content=\"Tiempo de lectura\" \/>\n\t<meta name=\"twitter:data1\" content=\"1 minuto\" \/>\n<script type=\"application\/ld+json\" class=\"yoast-schema-graph\">{\"@context\":\"https:\/\/schema.org\",\"@graph\":[{\"@type\":\"WebPage\",\"@id\":\"https:\/\/greeproducts.com\/es\/climatizacion-para-gimnasios\/\",\"url\":\"https:\/\/greeproducts.com\/es\/climatizacion-para-gimnasios\/\",\"name\":\"Climatizaci\u00f3n para gimnasios | Soluciones Eficientes GREE\",\"isPartOf\":{\"@id\":\"https:\/\/greeproducts.com\/es\/#website\"},\"primaryImageOfPage\":{\"@id\":\"https:\/\/greeproducts.com\/es\/climatizacion-para-gimnasios\/#primaryimage\"},\"image\":{\"@id\":\"https:\/\/greeproducts.com\/es\/climatizacion-para-gimnasios\/#primaryimage\"},\"thumbnailUrl\":\"https:\/\/greeproducts.com\/wp-content\/uploads\/2026\/01\/climatizacion-gimnasios.png\",\"datePublished\":\"2026-01-21T12:17:35+00:00\",\"dateModified\":\"2026-01-21T18:58:00+00:00\",\"description\":\"Descubre nuestras soluciones de climatizaci\u00f3n para gimnasios y centros deportivos. Soluciones para control de temperatura, humedad y eficiencia energ\u00e9tica.\",\"breadcrumb\":{\"@id\":\"https:\/\/greeproducts.com\/es\/climatizacion-para-gimnasios\/#breadcrumb\"},\"inLanguage\":\"es\",\"potentialAction\":[{\"@type\":\"ReadAction\",\"target\":[\"https:\/\/greeproducts.com\/es\/climatizacion-para-gimnasios\/\"]}]},{\"@type\":\"ImageObject\",\"inLanguage\":\"es\",\"@id\":\"https:\/\/greeproducts.com\/es\/climatizacion-para-gimnasios\/#primaryimage\",\"url\":\"https:\/\/greeproducts.com\/wp-content\/uploads\/2026\/01\/climatizacion-gimnasios.png\",\"contentUrl\":\"https:\/\/greeproducts.com\/wp-content\/uploads\/2026\/01\/climatizacion-gimnasios.png\",\"width\":1256,\"height\":763},{\"@type\":\"BreadcrumbList\",\"@id\":\"https:\/\/greeproducts.com\/es\/climatizacion-para-gimnasios\/#breadcrumb\",\"itemListElement\":[{\"@type\":\"ListItem\",\"position\":1,\"name\":\"Portada\",\"item\":\"https:\/\/greeproducts.com\/es\/\"},{\"@type\":\"ListItem\",\"position\":2,\"name\":\"Gimnasios\"}]},{\"@type\":\"WebSite\",\"@id\":\"https:\/\/greeproducts.com\/es\/#website\",\"url\":\"https:\/\/greeproducts.com\/es\/\",\"name\":\"GREE\",\"description\":\"\",\"publisher\":{\"@id\":\"https:\/\/greeproducts.com\/es\/#organization\"},\"potentialAction\":[{\"@type\":\"SearchAction\",\"target\":{\"@type\":\"EntryPoint\",\"urlTemplate\":\"https:\/\/greeproducts.com\/es\/?s={search_term_string}\"},\"query-input\":{\"@type\":\"PropertyValueSpecification\",\"valueRequired\":true,\"valueName\":\"search_term_string\"}}],\"inLanguage\":\"es\"},{\"@type\":\"Organization\",\"@id\":\"https:\/\/greeproducts.com\/es\/#organization\",\"name\":\"GREE\",\"url\":\"https:\/\/greeproducts.com\/es\/\",\"logo\":{\"@type\":\"ImageObject\",\"inLanguage\":\"es\",\"@id\":\"https:\/\/greeproducts.com\/es\/#\/schema\/logo\/image\/\",\"url\":\"https:\/\/greeproducts.com\/wp-content\/uploads\/2025\/01\/gree_logo_black.svg\",\"contentUrl\":\"https:\/\/greeproducts.com\/wp-content\/uploads\/2025\/01\/gree_logo_black.svg\",\"caption\":\"GREE\"},\"image\":{\"@id\":\"https:\/\/greeproducts.com\/es\/#\/schema\/logo\/image\/\"}}]}<\/script>\n<!-- \/ Yoast SEO plugin. -->","yoast_head_json":{"title":"Climatizaci\u00f3n para gimnasios | Soluciones Eficientes GREE","description":"Descubre nuestras soluciones de climatizaci\u00f3n para gimnasios y centros deportivos. Soluciones para control de temperatura, humedad y eficiencia energ\u00e9tica.","robots":{"index":"index","follow":"follow","max-snippet":"max-snippet:-1","max-image-preview":"max-image-preview:large","max-video-preview":"max-video-preview:-1"},"canonical":"https:\/\/greeproducts.com\/es\/climatizacion-para-gimnasios\/","og_locale":"es_ES","og_type":"article","og_title":"Climatizaci\u00f3n para gimnasios | Soluciones Eficientes GREE","og_description":"Descubre nuestras soluciones de climatizaci\u00f3n para gimnasios y centros deportivos. Soluciones para control de temperatura, humedad y eficiencia energ\u00e9tica.","og_url":"https:\/\/greeproducts.com\/es\/climatizacion-para-gimnasios\/","og_site_name":"GREE","article_modified_time":"2026-01-21T18:58:00+00:00","og_image":[{"width":1256,"height":763,"url":"https:\/\/greeproducts.com\/wp-content\/uploads\/2026\/01\/climatizacion-gimnasios.png","type":"image\/png"}],"twitter_card":"summary_large_image","twitter_misc":{"Tiempo de lectura":"1 minuto"},"schema":{"@context":"https:\/\/schema.org","@graph":[{"@type":"WebPage","@id":"https:\/\/greeproducts.com\/es\/climatizacion-para-gimnasios\/","url":"https:\/\/greeproducts.com\/es\/climatizacion-para-gimnasios\/","name":"Climatizaci\u00f3n para gimnasios | Soluciones Eficientes GREE","isPartOf":{"@id":"https:\/\/greeproducts.com\/es\/#website"},"primaryImageOfPage":{"@id":"https:\/\/greeproducts.com\/es\/climatizacion-para-gimnasios\/#primaryimage"},"image":{"@id":"https:\/\/greeproducts.com\/es\/climatizacion-para-gimnasios\/#primaryimage"},"thumbnailUrl":"https:\/\/greeproducts.com\/wp-content\/uploads\/2026\/01\/climatizacion-gimnasios.png","datePublished":"2026-01-21T12:17:35+00:00","dateModified":"2026-01-21T18:58:00+00:00","description":"Descubre nuestras soluciones de climatizaci\u00f3n para gimnasios y centros deportivos. Soluciones para control de temperatura, humedad y eficiencia energ\u00e9tica.","breadcrumb":{"@id":"https:\/\/greeproducts.com\/es\/climatizacion-para-gimnasios\/#breadcrumb"},"inLanguage":"es","potentialAction":[{"@type":"ReadAction","target":["https:\/\/greeproducts.com\/es\/climatizacion-para-gimnasios\/"]}]},{"@type":"ImageObject","inLanguage":"es","@id":"https:\/\/greeproducts.com\/es\/climatizacion-para-gimnasios\/#primaryimage","url":"https:\/\/greeproducts.com\/wp-content\/uploads\/2026\/01\/climatizacion-gimnasios.png","contentUrl":"https:\/\/greeproducts.com\/wp-content\/uploads\/2026\/01\/climatizacion-gimnasios.png","width":1256,"height":763},{"@type":"BreadcrumbList","@id":"https:\/\/greeproducts.com\/es\/climatizacion-para-gimnasios\/#breadcrumb","itemListElement":[{"@type":"ListItem","position":1,"name":"Portada","item":"https:\/\/greeproducts.com\/es\/"},{"@type":"ListItem","position":2,"name":"Gimnasios"}]},{"@type":"WebSite","@id":"https:\/\/greeproducts.com\/es\/#website","url":"https:\/\/greeproducts.com\/es\/","name":"GREE","description":"","publisher":{"@id":"https:\/\/greeproducts.com\/es\/#organization"},"potentialAction":[{"@type":"SearchAction","target":{"@type":"EntryPoint","urlTemplate":"https:\/\/greeproducts.com\/es\/?s={search_term_string}"},"query-input":{"@type":"PropertyValueSpecification","valueRequired":true,"valueName":"search_term_string"}}],"inLanguage":"es"},{"@type":"Organization","@id":"https:\/\/greeproducts.com\/es\/#organization","name":"GREE","url":"https:\/\/greeproducts.com\/es\/","logo":{"@type":"ImageObject","inLanguage":"es","@id":"https:\/\/greeproducts.com\/es\/#\/schema\/logo\/image\/","url":"https:\/\/greeproducts.com\/wp-content\/uploads\/2025\/01\/gree_logo_black.svg","contentUrl":"https:\/\/greeproducts.com\/wp-content\/uploads\/2025\/01\/gree_logo_black.svg","caption":"GREE"},"image":{"@id":"https:\/\/greeproducts.com\/es\/#\/schema\/logo\/image\/"}}]}},"_links":{"self":[{"href":"https:\/\/greeproducts.com\/es\/wp-json\/wp\/v2\/pages\/42617","targetHints":{"allow":["GET"]}}],"collection":[{"href":"https:\/\/greeproducts.com\/es\/wp-json\/wp\/v2\/pages"}],"about":[{"href":"https:\/\/greeproducts.com\/es\/wp-json\/wp\/v2\/types\/page"}],"author":[{"embeddable":true,"href":"https:\/\/greeproducts.com\/es\/wp-json\/wp\/v2\/users\/14"}],"replies":[{"embeddable":true,"href":"https:\/\/greeproducts.com\/es\/wp-json\/wp\/v2\/comments?post=42617"}],"version-history":[{"count":1,"href":"https:\/\/greeproducts.com\/es\/wp-json\/wp\/v2\/pages\/42617\/revisions"}],"predecessor-version":[{"id":42621,"href":"https:\/\/greeproducts.com\/es\/wp-json\/wp\/v2\/pages\/42617\/revisions\/42621"}],"wp:featuredmedia":[{"embeddable":true,"href":"https:\/\/greeproducts.com\/es\/wp-json\/wp\/v2\/media\/42618"}],"wp:attachment":[{"href":"https:\/\/greeproducts.com\/es\/wp-json\/wp\/v2\/media?parent=42617"}],"curies":[{"name":"wp","href":"https:\/\/api.w.org\/{rel}","templated":true}]}}